{"id":643,"date":"2024-03-11T17:42:34","date_gmt":"2024-03-11T21:42:34","guid":{"rendered":"https:\/\/www.globexcourier.com\/?page_id=643"},"modified":"2025-07-31T16:37:13","modified_gmt":"2025-07-31T20:37:13","slug":"formulaires-douaniers","status":"publish","type":"page","link":"https:\/\/www.globexcourier.com\/fr\/formulaires-douaniers\/","title":{"rendered":"Formulaires douaniers"},"content":{"rendered":"\r\n    <section class=\"block block_multi ph mt\">\r\n        <div class=\"container\">\r\n            <div class=\"row\">\r\n                <div class=\"content\">\r\n                                        <h1 class=\"h2\">Formulaires douaniers<\/h1>\r\n                                                            <div class=\"text intro\">\r\n                        <p>La section suivante vous offre plusieurs types de formulaires n\u00e9cessaires \u00e0 l\u2019exportation.<\/p>\n                    <\/div>\r\n                                                                    <div class=\"downloads\">\r\n                                                                    <div class=\"download\">\r\n                                        <a href=\"https:\/\/www.globexcourier.com\/wp-content\/uploads\/2024\/03\/Pro-Forma-Invoice-1.xls\" class=\"btn light\" target=\"_blank\">Facture proforma ( fichier excel )<span class=\"dashicons dashicons-download\"><\/span><\/a>\r\n                                    <\/div>\r\n                                                                    <div class=\"download\">\r\n                                        <a href=\"https:\/\/www.globexcourier.com\/wp-content\/uploads\/2024\/03\/Commercial-Invoice-1.xls\" class=\"btn light\" target=\"_blank\">Facture commerciale<span class=\"dashicons dashicons-download\"><\/span><\/a>\r\n                                    <\/div>\r\n                                                                    <div class=\"download\">\r\n                                        <a href=\"https:\/\/www.globexcourier.com\/wp-content\/uploads\/2024\/03\/USMCA-Certificate-of-Origin-Template.xlsx\" class=\"btn light\" target=\"_blank\">Certificat d\u2019origine USMCA<span class=\"dashicons dashicons-download\"><\/span><\/a>\r\n                                    <\/div>\r\n                                                                    <div class=\"download\">\r\n                                        <a href=\"https:\/\/www.globexcourier.com\/wp-content\/uploads\/2024\/03\/FDARadiationControlForm.pdf\" class=\"btn light\" target=\"_blank\">Formulaire radiation FD2877<span class=\"dashicons dashicons-download\"><\/span><\/a>\r\n                                    <\/div>\r\n                                                                    <div class=\"download\">\r\n                                        <a href=\"https:\/\/www.globexcourier.com\/wp-content\/uploads\/2024\/03\/Video-FilmDeclaration.pdf\" class=\"btn light\" target=\"_blank\">Video \/ Film Declaration<span class=\"dashicons dashicons-download\"><\/span><\/a>\r\n                                    <\/div>\r\n                                                                    <div class=\"download\">\r\n                                        <a href=\"https:\/\/www.globexcourier.com\/wp-content\/uploads\/2024\/03\/proforma_medicaments.pdf\" class=\"btn light\" target=\"_blank\">Facture proforma pour m\u00e9dicaments<span class=\"dashicons dashicons-download\"><\/span><\/a>\r\n                                    <\/div>\r\n                                                                    <div class=\"download\">\r\n                                        <a href=\"https:\/\/www.globexcourier.com\/wp-content\/uploads\/2024\/03\/TSCA_Certification.pdf\" class=\"btn light\" target=\"_blank\">Formulaire TSCA<span class=\"dashicons dashicons-download\"><\/span><\/a>\r\n                                    <\/div>\r\n                                                                    <div class=\"download\">\r\n                                        <a href=\"https:\/\/www.globexcourier.com\/wp-content\/uploads\/2024\/03\/Artwork_Declaration.pdf\" class=\"btn light\" target=\"_blank\">Entr\u00e9e aux \u00c9tats-Unis d&rsquo;oeuvres d&rsquo;art exempts de droits ( Formulaire am\u00e9ricain )<span class=\"dashicons dashicons-download\"><\/span><\/a>\r\n                                    <\/div>\r\n                                                                    <div class=\"download\">\r\n                                        <a href=\"https:\/\/www.globexcourier.com\/wp-content\/uploads\/2024\/03\/CBP_Form_3299.pdf\" class=\"btn light\" target=\"_blank\">D\u00e9claration pour l&rsquo;entr\u00e9e gratuite aux \u00c9tats-Unis d&rsquo;articles non accompagn\u00e9s<span class=\"dashicons dashicons-download\"><\/span><\/a>\r\n                                    <\/div>\r\n                                                                    <div class=\"download\">\r\n                                        <a href=\"https:\/\/www.globexcourier.com\/wp-content\/uploads\/2024\/03\/Korea-Canada-Free-Trade-Agreement.pdf\" class=\"btn light\" target=\"_blank\">Formulaire de libre \u00e9change Cor\u00e9e du Sud\/Canada<span class=\"dashicons dashicons-download\"><\/span><\/a>\r\n                                    <\/div>\r\n                                                                    <div class=\"download\">\r\n                                        <a href=\"https:\/\/www.globexcourier.com\/wp-content\/uploads\/2024\/03\/EU-Canada-Free-Trade-Agreement-CETA.pdf\" class=\"btn light\" target=\"_blank\">Formulaire de libre \u00e9change Union Europ\u00e9enne\/Canada<span class=\"dashicons dashicons-download\"><\/span><\/a>\r\n                                    <\/div>\r\n                                                                    <div class=\"download\">\r\n                                        <a href=\"https:\/\/www.globexcourier.com\/wp-content\/uploads\/2024\/03\/DHL-Canada-Import-Power-of-Attorney.pdf\" class=\"btn light\" target=\"_blank\">DHL USA IMPORT POA (Business)<span class=\"dashicons dashicons-download\"><\/span><\/a>\r\n                                    <\/div>\r\n                                                                    <div class=\"download\">\r\n                                        <a href=\"https:\/\/www.globexcourier.com\/wp-content\/uploads\/2024\/03\/DHL-USA-Import-Power-of-Attorney.pdf\" class=\"btn light\" target=\"_blank\">DHL USA IMPORT POA (Individual)<span class=\"dashicons dashicons-download\"><\/span><\/a>\r\n                                    <\/div>\r\n                                                                    <div class=\"download\">\r\n                                        <a href=\"https:\/\/www.globexcourier.com\/wp-content\/uploads\/2024\/03\/FedEx-Canada-Import-Power-of-Attorney.pdf\" class=\"btn light\" target=\"_blank\">FEDEX CANADA- IMPORT POWER OF ATTORNEY (EN)<span class=\"dashicons dashicons-download\"><\/span><\/a>\r\n                                    <\/div>\r\n                                                                    <div class=\"download\">\r\n                                        <a href=\"https:\/\/www.globexcourier.com\/wp-content\/uploads\/2024\/03\/USA-TAX-ID-CBP-FORM-5106-Create-Update-importer-Identity.pdf\" class=\"btn light\" target=\"_blank\">USA TAX ID CBP FORM 5106<span class=\"dashicons dashicons-download\"><\/span><\/a>\r\n                                    <\/div>\r\n                                                                    <div class=\"download\">\r\n                                        <a href=\"https:\/\/www.globexcourier.com\/wp-content\/uploads\/2024\/03\/FedEx-Canada-Import-Power-of-Attorney-FR-1.pdf\" class=\"btn light\" target=\"_blank\">FEDEX CANADA &#8211; Import Power of Attorney en Fran\u00e7ais (FR)<span class=\"dashicons dashicons-download\"><\/span><\/a>\r\n                                    <\/div>\r\n                                                                    <div class=\"download\">\r\n                                        <a href=\"https:\/\/www.globexcourier.com\/wp-content\/uploads\/2024\/03\/FedEx-Canada-OneTime-Import-Power-of-Attorney-FR.pdf\" class=\"btn light\" target=\"_blank\">FEDEX CANADA \u2013 One Time Import Power of Attorney en Fran\u00e7ais (FR)<span class=\"dashicons dashicons-download\"><\/span><\/a>\r\n                                    <\/div>\r\n                                                                    <div class=\"download\">\r\n                                        <a href=\"https:\/\/www.globexcourier.com\/wp-content\/uploads\/2024\/03\/FedEx-Canada-OneTime-Import-Power-of-Attorney-EN.pdf\" class=\"btn light\" target=\"_blank\">FedEx Canada &#8211; One Time Import Power of Attorney (EN)<span class=\"dashicons dashicons-download\"><\/span><\/a>\r\n                                    <\/div>\r\n                                                            <\/div>\r\n                                                                                                    <\/div>\r\n            <\/div>\r\n        <\/div>\r\n    <\/section>\r\n    \n\n\r\n    <section class=\"block block_multi ph mt\">\r\n        <div class=\"container\">\r\n            <div class=\"row\">\r\n                <div class=\"content\">\r\n                                        <h2 class=\"h2 smaller\">Liens divers<\/h2>\r\n                                                                                                                                    <div class=\"link-list\">\r\n                                                                        <a class=\"btn light\" href=\"https:\/\/www.cbsa-asfc.gc.ca\/services\/export\/portal-portail\/menu-eng.html\" target=\"_blank\">Canadian Export Reporting System (CERS) (EN)<span class=\"dashicons dashicons-external\"><\/span><\/a>\r\n                                                                                                            <a class=\"btn light\" href=\"https:\/\/www.cbsa-asfc.gc.ca\/services\/export\/portal-portail\/menu-fra.html\" target=\"_blank\">Syst\u00e8me canadien de d\u00e9claration des exportations (CERS) (FR)<span class=\"dashicons dashicons-external\"><\/span><\/a>\r\n                                                                                                            <a class=\"btn light\" href=\"https:\/\/www.cbsa-asfc.gc.ca\/publications\/forms-formulaires\/bsf831-eng.html\" target=\"_blank\">REGISTER TO THE CERS PROGRAM<span class=\"dashicons dashicons-external\"><\/span><\/a>\r\n                                                                                                            <a class=\"btn light\" href=\"https:\/\/www.cbsa-asfc.gc.ca\/publications\/forms-formulaires\/bsf831-fra.html\" target=\"_blank\">INSCRIVEZ-VOUS AU PROGRAMME CERS<span class=\"dashicons dashicons-external\"><\/span><\/a>\r\n                                                                                                            <a class=\"btn light\" href=\"https:\/\/www.cbsa-asfc.gc.ca\/menu-fra.html\" target=\"_blank\">Agence des services frontaliers du Canada<span class=\"dashicons dashicons-external\"><\/span><\/a>\r\n                                                                                                            <a class=\"btn light\" href=\"https:\/\/www.cbsa-asfc.gc.ca\/publications\/forms-formulaires\/menu-fra.html\" target=\"_blank\">Formulaires de l\u2019Agence des services frontaliers du Canada<span class=\"dashicons dashicons-external\"><\/span><\/a>\r\n                                                                                                            <a class=\"btn light\" href=\"https:\/\/www.cbsa-asfc.gc.ca\/trade-commerce\/tariff-tarif\/2022\/01-99\/01-99-2022-1-eng.pdf\" target=\"_blank\">Codification des produits \u2013 Tarif des douanes \u2013 Recherche de code \u201cHS\u201d<span class=\"dashicons dashicons-external\"><\/span><\/a>\r\n                                                                                                            <a class=\"btn light\" href=\"https:\/\/inspection.canada.ca\/fra\/1297964599443\/1297965645317\" target=\"_blank\">Agence canadienne d\u2019inspection des aliments<span class=\"dashicons dashicons-external\"><\/span><\/a>\r\n                                                                                                            <a class=\"btn light\" href=\"https:\/\/www.cbsa-asfc.gc.ca\/services\/export\/menu-fra.html\" target=\"_blank\">Liste de contr\u00f4le visant l\u2019exportation de marchandises commerciales du Canada<span class=\"dashicons dashicons-external\"><\/span><\/a>\r\n                                                                                                            <a class=\"btn light\" href=\"https:\/\/www.cbp.gov\/\" target=\"_blank\">Douanes Am\u00e9ricaines (U.S. Customs and Border Protection)<span class=\"dashicons dashicons-external\"><\/span><\/a>\r\n                                                                                                            <a class=\"btn light\" href=\"https:\/\/www.fda.gov\/food\/importing-food-products-united-states\/prior-notice-imported-foods\" target=\"_blank\">USDA Prior Notice for Imported Foods<span class=\"dashicons dashicons-external\"><\/span><\/a>\r\n                                                                                                            <a class=\"btn light\" href=\"https:\/\/www.fsis.usda.gov\/\" target=\"_blank\">USDA Food Safety and Inspection Service<span class=\"dashicons dashicons-external\"><\/span><\/a>\r\n                                                                                                            <a class=\"btn light\" href=\"https:\/\/hts.usitc.gov\/\" target=\"_blank\">Harmonized Tariff Schedule of the United States<span class=\"dashicons dashicons-external\"><\/span><\/a>\r\n                                                                                                            <a class=\"btn light\" href=\"https:\/\/help.cbp.gov\/s\/article\/Article-334?language=en_US#:~:text=The%20Merchandise%20Processing%20Fee%20(MPF,%2C%20freight%2C%20and%20insurance%20charges\" target=\"_blank\">MERCHANDISE PROCESSING FEES (MPF) &#8211; Fees<span class=\"dashicons dashicons-external\"><\/span><\/a>\r\n                                                                                                            <a class=\"btn light\" href=\"https:\/\/help.cbp.gov\/s\/article\/Article-314?language=en_US\" target=\"_blank\">USA TAX ID REQUIREMENTS \u2013 USA Importers<span class=\"dashicons dashicons-external\"><\/span><\/a>\r\n                                                                                                            <a class=\"btn light\" href=\"https:\/\/mydhl.express.dhl\/ca\/en\/forms\/clearance-for-businesses.html\" target=\"_blank\">DHL CANADA IMPORT POA (Business)<span class=\"dashicons dashicons-external\"><\/span><\/a>\r\n                                                                                                            <a class=\"btn light\" href=\"https:\/\/mydhl.express.dhl\/ca\/en\/forms\/clearance-for-individuals.html\" target=\"_blank\">DHL CANADA IMPORT POA (Personnel)<span class=\"dashicons dashicons-external\"><\/span><\/a>\r\n                                                                                                <\/div>\r\n                                                                                <\/div>\r\n            <\/div>\r\n        <\/div>\r\n    <\/section>\r\n    ","protected":false},"excerpt":{"rendered":"","protected":false},"author":4,"featured_media":0,"parent":0,"menu_order":0,"comment_status":"closed","ping_status":"closed","template":"page-divers.php","meta":{"_acf_changed":false,"footnotes":""},"class_list":["post-643","page","type-page","status-publish","hentry"],"acf":[],"yoast_head":"<!-- This site is optimized with the Yoast SEO plugin v27.3 - https:\/\/yoast.com\/product\/yoast-seo-wordpress\/ -->\n<title>Formulaires douaniers | Globex<\/title>\n<meta name=\"robots\" content=\"index, follow, max-snippet:-1, max-image-preview:large, max-video-preview:-1\" \/>\n<link rel=\"canonical\" href=\"https:\/\/www.globexcourier.com\/fr\/formulaires-douaniers\/\" \/>\n<meta property=\"og:locale\" content=\"fr_CA\" \/>\n<meta property=\"og:type\" content=\"article\" \/>\n<meta property=\"og:title\" content=\"Formulaires douaniers | Globex\" \/>\n<meta property=\"og:url\" content=\"https:\/\/www.globexcourier.com\/fr\/formulaires-douaniers\/\" \/>\n<meta property=\"og:site_name\" content=\"Globex\" \/>\n<meta property=\"article:modified_time\" content=\"2025-07-31T20:37:13+00:00\" \/>\n<meta property=\"og:image\" content=\"https:\/\/www.globexcourier.com\/wp-content\/uploads\/2024\/03\/globex-image.jpg\" \/>\n\t<meta property=\"og:image:width\" content=\"840\" \/>\n\t<meta property=\"og:image:height\" content=\"840\" \/>\n\t<meta property=\"og:image:type\" content=\"image\/jpeg\" \/>\n<meta name=\"twitter:card\" content=\"summary_large_image\" \/>\n<script type=\"application\/ld+json\" class=\"yoast-schema-graph\">{\"@context\":\"https:\\\/\\\/schema.org\",\"@graph\":[{\"@type\":\"WebPage\",\"@id\":\"https:\\\/\\\/www.globexcourier.com\\\/fr\\\/formulaires-douaniers\\\/\",\"url\":\"https:\\\/\\\/www.globexcourier.com\\\/fr\\\/formulaires-douaniers\\\/\",\"name\":\"Formulaires douaniers | Globex\",\"isPartOf\":{\"@id\":\"https:\\\/\\\/www.globexcourier.com\\\/fr\\\/#website\"},\"datePublished\":\"2024-03-11T21:42:34+00:00\",\"dateModified\":\"2025-07-31T20:37:13+00:00\",\"breadcrumb\":{\"@id\":\"https:\\\/\\\/www.globexcourier.com\\\/fr\\\/formulaires-douaniers\\\/#breadcrumb\"},\"inLanguage\":\"fr-CA\",\"potentialAction\":[{\"@type\":\"ReadAction\",\"target\":[\"https:\\\/\\\/www.globexcourier.com\\\/fr\\\/formulaires-douaniers\\\/\"]}]},{\"@type\":\"BreadcrumbList\",\"@id\":\"https:\\\/\\\/www.globexcourier.com\\\/fr\\\/formulaires-douaniers\\\/#breadcrumb\",\"itemListElement\":[{\"@type\":\"ListItem\",\"position\":1,\"name\":\"Accueil\",\"item\":\"https:\\\/\\\/www.globexcourier.com\\\/fr\\\/\"},{\"@type\":\"ListItem\",\"position\":2,\"name\":\"Formulaires douaniers\"}]},{\"@type\":\"WebSite\",\"@id\":\"https:\\\/\\\/www.globexcourier.com\\\/fr\\\/#website\",\"url\":\"https:\\\/\\\/www.globexcourier.com\\\/fr\\\/\",\"name\":\"Globex\",\"description\":\"\",\"publisher\":{\"@id\":\"https:\\\/\\\/www.globexcourier.com\\\/fr\\\/#organization\"},\"potentialAction\":[{\"@type\":\"SearchAction\",\"target\":{\"@type\":\"EntryPoint\",\"urlTemplate\":\"https:\\\/\\\/www.globexcourier.com\\\/fr\\\/?s={search_term_string}\"},\"query-input\":{\"@type\":\"PropertyValueSpecification\",\"valueRequired\":true,\"valueName\":\"search_term_string\"}}],\"inLanguage\":\"fr-CA\"},{\"@type\":\"Organization\",\"@id\":\"https:\\\/\\\/www.globexcourier.com\\\/fr\\\/#organization\",\"name\":\"Globex\",\"url\":\"https:\\\/\\\/www.globexcourier.com\\\/fr\\\/\",\"logo\":{\"@type\":\"ImageObject\",\"inLanguage\":\"fr-CA\",\"@id\":\"https:\\\/\\\/www.globexcourier.com\\\/fr\\\/#\\\/schema\\\/logo\\\/image\\\/\",\"url\":\"https:\\\/\\\/www.globexcourier.com\\\/wp-content\\\/uploads\\\/2024\\\/03\\\/Logo-bleu.svg\",\"contentUrl\":\"https:\\\/\\\/www.globexcourier.com\\\/wp-content\\\/uploads\\\/2024\\\/03\\\/Logo-bleu.svg\",\"caption\":\"Globex\"},\"image\":{\"@id\":\"https:\\\/\\\/www.globexcourier.com\\\/fr\\\/#\\\/schema\\\/logo\\\/image\\\/\"}}]}<\/script>\n<!-- \/ Yoast SEO plugin. -->","yoast_head_json":{"title":"Formulaires douaniers | Globex","robots":{"index":"index","follow":"follow","max-snippet":"max-snippet:-1","max-image-preview":"max-image-preview:large","max-video-preview":"max-video-preview:-1"},"canonical":"https:\/\/www.globexcourier.com\/fr\/formulaires-douaniers\/","og_locale":"fr_CA","og_type":"article","og_title":"Formulaires douaniers | Globex","og_url":"https:\/\/www.globexcourier.com\/fr\/formulaires-douaniers\/","og_site_name":"Globex","article_modified_time":"2025-07-31T20:37:13+00:00","og_image":[{"width":840,"height":840,"url":"https:\/\/www.globexcourier.com\/wp-content\/uploads\/2024\/03\/globex-image.jpg","type":"image\/jpeg"}],"twitter_card":"summary_large_image","schema":{"@context":"https:\/\/schema.org","@graph":[{"@type":"WebPage","@id":"https:\/\/www.globexcourier.com\/fr\/formulaires-douaniers\/","url":"https:\/\/www.globexcourier.com\/fr\/formulaires-douaniers\/","name":"Formulaires douaniers | Globex","isPartOf":{"@id":"https:\/\/www.globexcourier.com\/fr\/#website"},"datePublished":"2024-03-11T21:42:34+00:00","dateModified":"2025-07-31T20:37:13+00:00","breadcrumb":{"@id":"https:\/\/www.globexcourier.com\/fr\/formulaires-douaniers\/#breadcrumb"},"inLanguage":"fr-CA","potentialAction":[{"@type":"ReadAction","target":["https:\/\/www.globexcourier.com\/fr\/formulaires-douaniers\/"]}]},{"@type":"BreadcrumbList","@id":"https:\/\/www.globexcourier.com\/fr\/formulaires-douaniers\/#breadcrumb","itemListElement":[{"@type":"ListItem","position":1,"name":"Accueil","item":"https:\/\/www.globexcourier.com\/fr\/"},{"@type":"ListItem","position":2,"name":"Formulaires douaniers"}]},{"@type":"WebSite","@id":"https:\/\/www.globexcourier.com\/fr\/#website","url":"https:\/\/www.globexcourier.com\/fr\/","name":"Globex","description":"","publisher":{"@id":"https:\/\/www.globexcourier.com\/fr\/#organization"},"potentialAction":[{"@type":"SearchAction","target":{"@type":"EntryPoint","urlTemplate":"https:\/\/www.globexcourier.com\/fr\/?s={search_term_string}"},"query-input":{"@type":"PropertyValueSpecification","valueRequired":true,"valueName":"search_term_string"}}],"inLanguage":"fr-CA"},{"@type":"Organization","@id":"https:\/\/www.globexcourier.com\/fr\/#organization","name":"Globex","url":"https:\/\/www.globexcourier.com\/fr\/","logo":{"@type":"ImageObject","inLanguage":"fr-CA","@id":"https:\/\/www.globexcourier.com\/fr\/#\/schema\/logo\/image\/","url":"https:\/\/www.globexcourier.com\/wp-content\/uploads\/2024\/03\/Logo-bleu.svg","contentUrl":"https:\/\/www.globexcourier.com\/wp-content\/uploads\/2024\/03\/Logo-bleu.svg","caption":"Globex"},"image":{"@id":"https:\/\/www.globexcourier.com\/fr\/#\/schema\/logo\/image\/"}}]}},"_links":{"self":[{"href":"https:\/\/www.globexcourier.com\/fr\/wp-json\/wp\/v2\/pages\/643","targetHints":{"allow":["GET"]}}],"collection":[{"href":"https:\/\/www.globexcourier.com\/fr\/wp-json\/wp\/v2\/pages"}],"about":[{"href":"https:\/\/www.globexcourier.com\/fr\/wp-json\/wp\/v2\/types\/page"}],"author":[{"embeddable":true,"href":"https:\/\/www.globexcourier.com\/fr\/wp-json\/wp\/v2\/users\/4"}],"replies":[{"embeddable":true,"href":"https:\/\/www.globexcourier.com\/fr\/wp-json\/wp\/v2\/comments?post=643"}],"version-history":[{"count":16,"href":"https:\/\/www.globexcourier.com\/fr\/wp-json\/wp\/v2\/pages\/643\/revisions"}],"predecessor-version":[{"id":2097,"href":"https:\/\/www.globexcourier.com\/fr\/wp-json\/wp\/v2\/pages\/643\/revisions\/2097"}],"wp:attachment":[{"href":"https:\/\/www.globexcourier.com\/fr\/wp-json\/wp\/v2\/media?parent=643"}],"curies":[{"name":"wp","href":"https:\/\/api.w.org\/{rel}","templated":true}]}}