{"id":60,"date":"2024-03-04T11:21:15","date_gmt":"2024-03-04T16:21:15","guid":{"rendered":"https:\/\/www.globexcourier.com\/?page_id=60"},"modified":"2025-07-31T15:39:53","modified_gmt":"2025-07-31T19:39:53","slug":"globex-logistics","status":"publish","type":"page","link":"https:\/\/www.globexcourier.com\/fr\/services\/globex-logistics\/","title":{"rendered":"Globex logistique"},"content":{"rendered":"\n<p><\/p>\n\n\n\r\n    <section class=\"intro-section block block-introduction ph\">\r\n        <div class=\"row\">\r\n            <div class=\"container\">\r\n                <div class=\"intro-content\">\r\n                                        <h1 class=\"intro-title h2\">Un courtier en transport et logistique pour vos exp\u00e9ditions \u00e0 l&rsquo;international<\/h1>\r\n                                                            <div class=\"intro-text text\"><p>Chez Globex, notre expertise en logistique r\u00e9pond \u00e0 tous vos besoins d&rsquo;exp\u00e9dition de fret international que ce soit par voie a\u00e9rienne, maritime ou terrestre.<\/p>\n<p>Nos solutions personnalis\u00e9es, \u00e9conomiques et cl\u00e9s en main s&rsquo;adaptent \u00e0 tous types d&rsquo;envois, y compris les plus complexes\u00a0! Avec nos options flexibles de conteneurs (FCL\/LCL), b\u00e9n\u00e9ficiez d&rsquo;un service de courtier transport s\u00e9curitaire, fiable et rapide, renfor\u00e7ant votre cha\u00eene d\u2019approvisionnement et vos <a href=\"https:\/\/www.globexcourier.com\/fr\/services\/services-au-canada\/\">envois au Canada<\/a>, aux \u00c9tats-Unis et \u00e0 l\u2019international.<\/p>\n<\/div>\r\n                                                        <\/div>\r\n            <\/div>\r\n        <\/div>\r\n    <\/section>\r\n    \n\n\r\n    <section class=\"block block_service-details ph\">\r\n        <div class=\"container\">\r\n            <div class=\"row\">\r\n                <div class=\"content pv\">\r\n                    <h2 class=\"h2 smaller title\">Nos services en logistique de transport \u00e0 l&rsquo;international<\/h2>\r\n                    <div class=\"text check-list\">\r\n                        <p>Exploitez le potentiel de Globex pour vos envois transfrontaliers. Si vous avez besoin de faire des envois de colis au Canada, de transporter des cargaisons compl\u00e8tes ou partielles vers les \u00c9tats-Unis, ou simplement d&rsquo;<a href=\"https:\/\/www.globexcourier.com\/fr\/services\/livraison-colis-international\/\">exp\u00e9dier \u00e0 l\u2019international<\/a>, Globex est votre alli\u00e9 incontournable pour all\u00e9ger vos processus d&rsquo;exp\u00e9dition gr\u00e2ce \u00e0 notre service de transport de palettes.<\/p>\n<p>Des services logistiques sur mesure, guid\u00e9s par nos experts logistiques pour trouver votre mode de transport id\u00e9al\u00a0!<\/p>\n  \r\n                    <\/div>\r\n                                        <div class=\"services-grid three-column\">\r\n                                                    \r\n                                <div class=\"service\">\r\n                                    <div class=\"header-wrap \">\r\n                                        <div class=\"icon\">\r\n                                            <img decoding=\"async\" src=\"https:\/\/www.globexcourier.com\/wp-content\/uploads\/2024\/03\/service-fret-aerien-icone.svg\" alt=\"\" \/>\r\n                                        <\/div>\r\n                                        <h3 class=\"h3\">Service de fret a\u00e9rien international<\/h3>\r\n                                    <\/div>\r\n                                    <div class=\"content-wrap\">\r\n                                        <div class=\"details\">\r\n                                            <div><p><strong>2 options pour le fret a\u00e9rien international<\/strong><\/p>\n<ul>\n<li>Livraison porte-\u00e0-porte<\/li>\n<li>Service porte-a\u00e9roport<\/li>\n<\/ul>\n<p><strong>Services propos\u00e9s<\/strong><\/p>\n<ul>\n<li>D\u00e9douanement<\/li>\n<li>Carnet ATA (exportation temporaire)<\/li>\n<li>L\u00e9galisation de certificat d\u2019origine<\/li>\n<\/ul>\n<\/div>\r\n                                                                                    <\/div>\r\n                                        \r\n                                                                                <a href=\"https:\/\/www.globexcourier.com\/fr\/rates\/\" class=\"btn\">Demande de tarif<\/a>\r\n                                                                            <\/div>\r\n                                <\/div>\r\n                            \r\n                                <div class=\"service\">\r\n                                    <div class=\"header-wrap \">\r\n                                        <div class=\"icon\">\r\n                                            <img decoding=\"async\" src=\"https:\/\/www.globexcourier.com\/wp-content\/uploads\/2024\/03\/service-fret-maritime-icone.svg\" alt=\"\" \/>\r\n                                        <\/div>\r\n                                        <h3 class=\"h3\">Service de fret maritime international<\/h3>\r\n                                    <\/div>\r\n                                    <div class=\"content-wrap\">\r\n                                        <div class=\"details\">\r\n                                            <div><p><strong>2 options pour le fret maritime international<\/strong><\/p>\n<ul>\n<li>Exp\u00e9dition en conteneur (FCL)<\/li>\n<li>Exp\u00e9dition en lot partiel (LCL)<\/li>\n<\/ul>\n<p><strong>Services propos\u00e9s<\/strong><\/p>\n<ul>\n<li>D\u00e9douanement<\/li>\n<li>Cueillette et livraison<\/li>\n<li>D\u00e9m\u00e9nagement<\/li>\n<li>L\u00e9galisation de certificat d\u2019origine<\/li>\n<\/ul>\n<\/div>\r\n                                                                                    <\/div>\r\n                                        \r\n                                                                                <a href=\"https:\/\/www.globexcourier.com\/fr\/rates\/\" class=\"btn\">Demande de tarif<\/a>\r\n                                                                            <\/div>\r\n                                <\/div>\r\n                            \r\n                                <div class=\"service\">\r\n                                    <div class=\"header-wrap \">\r\n                                        <div class=\"icon\">\r\n                                            <img decoding=\"async\" src=\"https:\/\/www.globexcourier.com\/wp-content\/uploads\/2024\/03\/service-fret-terrestre-icone.svg\" alt=\"\" \/>\r\n                                        <\/div>\r\n                                        <h3 class=\"h3\">Service de transport terrestre au Canada et aux \u00c9tats-Unis<\/h3>\r\n                                    <\/div>\r\n                                    <div class=\"content-wrap\">\r\n                                        <div class=\"details\">\r\n                                            <div><p><strong>4 options offertes pour le transport terrestre au Canada et aux \u00c9tats-Unis<\/strong><\/p>\n<ul>\n<li>Transport de lot complet (TL)<\/li>\n<li>Transport de lot partiel (LTL)<\/li>\n<li>Exp\u00e9dition sur palette<\/li>\n<li>Solution pour exp\u00e9ditions surdimensionn\u00e9es<\/li>\n<\/ul>\n<p><strong>Services propos\u00e9s<\/strong><\/p>\n<ul>\n<li>D\u00e9douanement<\/li>\n<li>L\u00e9galisation de certificat d\u2019origine<\/li>\n<\/ul>\n<\/div>\r\n                                                                                    <\/div>\r\n                                        \r\n                                                                                <a href=\"https:\/\/www.globexcourier.com\/fr\/rates\/\" class=\"btn\">Demande de tarif<\/a>\r\n                                                                            <\/div>\r\n                                <\/div>\r\n                                                    <\/div>\r\n                                            <\/div>\r\n                                                        <\/div>\r\n            <\/div>\r\n        <\/div>\r\n    <\/section>\r\n    \r\n    <script>\r\n        jQuery(document).ready(function ($) {\r\n            function setHeight() {\r\n                if (window.innerWidth >= 767) {\r\n                    \r\n                    let th = [];\r\n                    let ch = [];\r\n\r\n                    \/\/ Calculate maximum content-wrap height\r\n                    $('.content-wrap .details').each(function () {\r\n                        var currentHeight = $(this).height();\r\n                        ch.push(currentHeight);\r\n                    });\r\n\r\n                    \/\/ Calculate maximum .header-wrap .h3 height\r\n                    $('.header-wrap .h3').each(function () {\r\n                        var currentHeight = $(this).height();\r\n                        th.push(currentHeight);\r\n                    });\r\n\r\n                    \/\/ set maximum height to all .content-wrap\r\n                    $('.content-wrap .details').height(Math.max.apply(null, ch));\r\n\r\n                    \/\/ set maximum height to all .header-wrap .h3\r\n                    $('.header-wrap .h3').height(Math.max.apply(null, th));\r\n\r\n                } else {\r\n                    $('.content-wrap .details').height('auto');\r\n                    $('.header-wrap .h3').height('auto');\r\n                }\r\n            }\r\n            setHeight();\r\n            $(window).resize(function () {\r\n                setHeight();\r\n            });\r\n        });\r\n        \r\n    <\/script>\r\n    \n\n\r\n    <section class=\"block block_cta-bottom ph\" style=\"background-image: url(https:\/\/www.globexcourier.com\/wp-content\/uploads\/2024\/03\/background-cta.jpg);\">\r\n        <div class=\"container\">\r\n            <div class=\"row\">\r\n                <div class=\"content\">\r\n                    <h2 class=\"h2 title\">Des courtiers et conseillers en transport \u00e0 votre \u00e9coute !<\/h2>\r\n                    <div class=\"text\"><p>Notre solution en logistique de transport vous int\u00e9resse, mais vous souhaitez obtenir plus d\u2019informations\u2009? Contactez-nous d\u00e8s maintenant. Les courtiers et conseillers de Globex vous apporteront toute leur expertise dans le domaine de la cha\u00eene d\u2019approvisionnement et r\u00e9pondront \u00e0 toutes vos questions sur le service de courtage en transport que nous offrons.<\/p>\n<p><strong>Ce service ne correspond pas \u00e0 votre besoin\u2009? Chez Globex, nous offrons un ensemble de services de <a href=\"https:\/\/www.globexcourier.com\/fr\/services\/livraison-express-montreal\/\">courrier express<\/a> et de transport \u00e0 l\u2019international.\u00a0<\/strong><\/p>\n<\/div>\r\n                    <div class=\"cta\">\r\n                        <a href=\"https:\/\/www.globexcourier.com\/fr\/contact\/\" class=\"btn\">Contactez-nous<\/a>\r\n                        <a href=\"tel:+18003592111\" class=\"phone-number info-text\">1-800-359-2111<\/a>\r\n                    <\/div>\r\n                <\/div>\r\n            <\/div>\r\n        <\/div>\r\n    <\/section>\r\n    ","protected":false},"excerpt":{"rendered":"","protected":false},"author":4,"featured_media":0,"parent":58,"menu_order":0,"comment_status":"closed","ping_status":"closed","template":"page-service.php","meta":{"_acf_changed":false,"footnotes":""},"class_list":["post-60","page","type-page","status-publish","hentry"],"acf":[],"yoast_head":"<!-- This site is optimized with the Yoast SEO plugin v27.3 - https:\/\/yoast.com\/product\/yoast-seo-wordpress\/ -->\n<title>Courtier en transport et logistique | Globex Courrier International<\/title>\n<meta name=\"description\" content=\"Pour envoyer un colis volumineux ou fragile, laissez nos experts en logistique organiser et g\u00e9rer le transport pour une livraison rapide \u00e0 travers le monde.\" \/>\n<meta name=\"robots\" content=\"index, follow, max-snippet:-1, max-image-preview:large, max-video-preview:-1\" \/>\n<link rel=\"canonical\" href=\"https:\/\/www.globexcourier.com\/fr\/services\/globex-logistics\/\" \/>\n<meta property=\"og:locale\" content=\"fr_CA\" \/>\n<meta property=\"og:type\" content=\"article\" \/>\n<meta property=\"og:title\" content=\"Courtier en transport et logistique | Globex Courrier International\" \/>\n<meta property=\"og:description\" content=\"Pour envoyer un colis volumineux ou fragile, laissez nos experts en logistique organiser et g\u00e9rer le transport pour une livraison rapide \u00e0 travers le monde.\" \/>\n<meta property=\"og:url\" content=\"https:\/\/www.globexcourier.com\/fr\/services\/globex-logistics\/\" \/>\n<meta property=\"og:site_name\" content=\"Globex\" \/>\n<meta property=\"article:modified_time\" content=\"2025-07-31T19:39:53+00:00\" \/>\n<meta property=\"og:image\" content=\"https:\/\/www.globexcourier.com\/wp-content\/uploads\/2024\/03\/globex-image.jpg\" \/>\n\t<meta property=\"og:image:width\" content=\"840\" \/>\n\t<meta property=\"og:image:height\" content=\"840\" \/>\n\t<meta property=\"og:image:type\" content=\"image\/jpeg\" \/>\n<meta name=\"twitter:card\" content=\"summary_large_image\" \/>\n<script type=\"application\/ld+json\" class=\"yoast-schema-graph\">{\"@context\":\"https:\\\/\\\/schema.org\",\"@graph\":[{\"@type\":\"WebPage\",\"@id\":\"https:\\\/\\\/www.globexcourier.com\\\/fr\\\/services\\\/globex-logistics\\\/\",\"url\":\"https:\\\/\\\/www.globexcourier.com\\\/fr\\\/services\\\/globex-logistics\\\/\",\"name\":\"Courtier en transport et logistique | Globex Courrier International\",\"isPartOf\":{\"@id\":\"https:\\\/\\\/www.globexcourier.com\\\/fr\\\/#website\"},\"datePublished\":\"2024-03-04T16:21:15+00:00\",\"dateModified\":\"2025-07-31T19:39:53+00:00\",\"description\":\"Pour envoyer un colis volumineux ou fragile, laissez nos experts en logistique organiser et g\u00e9rer le transport pour une livraison rapide \u00e0 travers le monde.\",\"breadcrumb\":{\"@id\":\"https:\\\/\\\/www.globexcourier.com\\\/fr\\\/services\\\/globex-logistics\\\/#breadcrumb\"},\"inLanguage\":\"fr-CA\",\"potentialAction\":[{\"@type\":\"ReadAction\",\"target\":[\"https:\\\/\\\/www.globexcourier.com\\\/fr\\\/services\\\/globex-logistics\\\/\"]}]},{\"@type\":\"BreadcrumbList\",\"@id\":\"https:\\\/\\\/www.globexcourier.com\\\/fr\\\/services\\\/globex-logistics\\\/#breadcrumb\",\"itemListElement\":[{\"@type\":\"ListItem\",\"position\":1,\"name\":\"Accueil\",\"item\":\"https:\\\/\\\/www.globexcourier.com\\\/fr\\\/\"},{\"@type\":\"ListItem\",\"position\":2,\"name\":\"Services\",\"item\":\"https:\\\/\\\/www.globexcourier.com\\\/fr\\\/services\\\/\"},{\"@type\":\"ListItem\",\"position\":3,\"name\":\"Globex logistique\"}]},{\"@type\":\"WebSite\",\"@id\":\"https:\\\/\\\/www.globexcourier.com\\\/fr\\\/#website\",\"url\":\"https:\\\/\\\/www.globexcourier.com\\\/fr\\\/\",\"name\":\"Globex\",\"description\":\"\",\"publisher\":{\"@id\":\"https:\\\/\\\/www.globexcourier.com\\\/fr\\\/#organization\"},\"potentialAction\":[{\"@type\":\"SearchAction\",\"target\":{\"@type\":\"EntryPoint\",\"urlTemplate\":\"https:\\\/\\\/www.globexcourier.com\\\/fr\\\/?s={search_term_string}\"},\"query-input\":{\"@type\":\"PropertyValueSpecification\",\"valueRequired\":true,\"valueName\":\"search_term_string\"}}],\"inLanguage\":\"fr-CA\"},{\"@type\":\"Organization\",\"@id\":\"https:\\\/\\\/www.globexcourier.com\\\/fr\\\/#organization\",\"name\":\"Globex\",\"url\":\"https:\\\/\\\/www.globexcourier.com\\\/fr\\\/\",\"logo\":{\"@type\":\"ImageObject\",\"inLanguage\":\"fr-CA\",\"@id\":\"https:\\\/\\\/www.globexcourier.com\\\/fr\\\/#\\\/schema\\\/logo\\\/image\\\/\",\"url\":\"https:\\\/\\\/www.globexcourier.com\\\/wp-content\\\/uploads\\\/2024\\\/03\\\/Logo-bleu.svg\",\"contentUrl\":\"https:\\\/\\\/www.globexcourier.com\\\/wp-content\\\/uploads\\\/2024\\\/03\\\/Logo-bleu.svg\",\"caption\":\"Globex\"},\"image\":{\"@id\":\"https:\\\/\\\/www.globexcourier.com\\\/fr\\\/#\\\/schema\\\/logo\\\/image\\\/\"}}]}<\/script>\n<!-- \/ Yoast SEO plugin. -->","yoast_head_json":{"title":"Courtier en transport et logistique | Globex Courrier International","description":"Pour envoyer un colis volumineux ou fragile, laissez nos experts en logistique organiser et g\u00e9rer le transport pour une livraison rapide \u00e0 travers le monde.","robots":{"index":"index","follow":"follow","max-snippet":"max-snippet:-1","max-image-preview":"max-image-preview:large","max-video-preview":"max-video-preview:-1"},"canonical":"https:\/\/www.globexcourier.com\/fr\/services\/globex-logistics\/","og_locale":"fr_CA","og_type":"article","og_title":"Courtier en transport et logistique | Globex Courrier International","og_description":"Pour envoyer un colis volumineux ou fragile, laissez nos experts en logistique organiser et g\u00e9rer le transport pour une livraison rapide \u00e0 travers le monde.","og_url":"https:\/\/www.globexcourier.com\/fr\/services\/globex-logistics\/","og_site_name":"Globex","article_modified_time":"2025-07-31T19:39:53+00:00","og_image":[{"width":840,"height":840,"url":"https:\/\/www.globexcourier.com\/wp-content\/uploads\/2024\/03\/globex-image.jpg","type":"image\/jpeg"}],"twitter_card":"summary_large_image","schema":{"@context":"https:\/\/schema.org","@graph":[{"@type":"WebPage","@id":"https:\/\/www.globexcourier.com\/fr\/services\/globex-logistics\/","url":"https:\/\/www.globexcourier.com\/fr\/services\/globex-logistics\/","name":"Courtier en transport et logistique | Globex Courrier International","isPartOf":{"@id":"https:\/\/www.globexcourier.com\/fr\/#website"},"datePublished":"2024-03-04T16:21:15+00:00","dateModified":"2025-07-31T19:39:53+00:00","description":"Pour envoyer un colis volumineux ou fragile, laissez nos experts en logistique organiser et g\u00e9rer le transport pour une livraison rapide \u00e0 travers le monde.","breadcrumb":{"@id":"https:\/\/www.globexcourier.com\/fr\/services\/globex-logistics\/#breadcrumb"},"inLanguage":"fr-CA","potentialAction":[{"@type":"ReadAction","target":["https:\/\/www.globexcourier.com\/fr\/services\/globex-logistics\/"]}]},{"@type":"BreadcrumbList","@id":"https:\/\/www.globexcourier.com\/fr\/services\/globex-logistics\/#breadcrumb","itemListElement":[{"@type":"ListItem","position":1,"name":"Accueil","item":"https:\/\/www.globexcourier.com\/fr\/"},{"@type":"ListItem","position":2,"name":"Services","item":"https:\/\/www.globexcourier.com\/fr\/services\/"},{"@type":"ListItem","position":3,"name":"Globex logistique"}]},{"@type":"WebSite","@id":"https:\/\/www.globexcourier.com\/fr\/#website","url":"https:\/\/www.globexcourier.com\/fr\/","name":"Globex","description":"","publisher":{"@id":"https:\/\/www.globexcourier.com\/fr\/#organization"},"potentialAction":[{"@type":"SearchAction","target":{"@type":"EntryPoint","urlTemplate":"https:\/\/www.globexcourier.com\/fr\/?s={search_term_string}"},"query-input":{"@type":"PropertyValueSpecification","valueRequired":true,"valueName":"search_term_string"}}],"inLanguage":"fr-CA"},{"@type":"Organization","@id":"https:\/\/www.globexcourier.com\/fr\/#organization","name":"Globex","url":"https:\/\/www.globexcourier.com\/fr\/","logo":{"@type":"ImageObject","inLanguage":"fr-CA","@id":"https:\/\/www.globexcourier.com\/fr\/#\/schema\/logo\/image\/","url":"https:\/\/www.globexcourier.com\/wp-content\/uploads\/2024\/03\/Logo-bleu.svg","contentUrl":"https:\/\/www.globexcourier.com\/wp-content\/uploads\/2024\/03\/Logo-bleu.svg","caption":"Globex"},"image":{"@id":"https:\/\/www.globexcourier.com\/fr\/#\/schema\/logo\/image\/"}}]}},"_links":{"self":[{"href":"https:\/\/www.globexcourier.com\/fr\/wp-json\/wp\/v2\/pages\/60","targetHints":{"allow":["GET"]}}],"collection":[{"href":"https:\/\/www.globexcourier.com\/fr\/wp-json\/wp\/v2\/pages"}],"about":[{"href":"https:\/\/www.globexcourier.com\/fr\/wp-json\/wp\/v2\/types\/page"}],"author":[{"embeddable":true,"href":"https:\/\/www.globexcourier.com\/fr\/wp-json\/wp\/v2\/users\/4"}],"replies":[{"embeddable":true,"href":"https:\/\/www.globexcourier.com\/fr\/wp-json\/wp\/v2\/comments?post=60"}],"version-history":[{"count":13,"href":"https:\/\/www.globexcourier.com\/fr\/wp-json\/wp\/v2\/pages\/60\/revisions"}],"predecessor-version":[{"id":2315,"href":"https:\/\/www.globexcourier.com\/fr\/wp-json\/wp\/v2\/pages\/60\/revisions\/2315"}],"up":[{"embeddable":true,"href":"https:\/\/www.globexcourier.com\/fr\/wp-json\/wp\/v2\/pages\/58"}],"wp:attachment":[{"href":"https:\/\/www.globexcourier.com\/fr\/wp-json\/wp\/v2\/media?parent=60"}],"curies":[{"name":"wp","href":"https:\/\/api.w.org\/{rel}","templated":true}]}}