{"id":54,"date":"2024-03-04T11:15:40","date_gmt":"2024-03-04T16:15:40","guid":{"rendered":"https:\/\/www.globexcourier.com\/?page_id=54"},"modified":"2026-03-04T11:07:27","modified_gmt":"2026-03-04T16:07:27","slug":"compagnie-livraison","status":"publish","type":"page","link":"https:\/\/www.globexcourier.com\/fr\/compagnie-livraison\/","title":{"rendered":"\u00c0 propos"},"content":{"rendered":"\r\n    <section class=\"intro-section block block-introduction ph\">\r\n        <div class=\"row\">\r\n            <div class=\"container\">\r\n                <div class=\"intro-content\">\r\n                                        <h1 class=\"intro-title h2\">Votre compagnie de courrier de confiance au Canada et \u00e0 l\u2019international<\/h1>\r\n                                                            <div class=\"intro-text text\"><p>Chez Globex Courrier, chaque colis re\u00e7oit une attention exceptionnelle, garantissant une satisfaction absolue \u00e0 l\u2019\u00e9chelle locale et mondiale. Nous ne nous contentons pas de livrer\u2009; nous cr\u00e9ons des exp\u00e9riences de livraison cl\u00e9s en main, parfaitement ajust\u00e9es \u00e0 vos exigences.<\/p>\n<p>Notre secret\u2009? Une \u00e9quipe d\u2019experts passionn\u00e9s et d\u00e9vou\u00e9s, travaillant sans rel\u00e2che pour que vos envois atteignent leur destination en toute s\u00e9curit\u00e9 et dans les temps. Chez Globex, nous faisons plus que transporter vos marchandises\u00a0: nous transportons vos promesses, avec la pr\u00e9cision et le soin que vous m\u00e9ritez.<\/p>\n<\/div>\r\n                                                                <div class=\"cta\">\r\n                            <a href=\"https:\/\/www.globexcourier.com\/fr\/contact\/\" target=\"\" class=\"btn\">Contactez-nous d\u00e8s aujourd\u2019hui<\/a>\r\n                                                        <a href=\"tel:+18003592111\" class=\"phone-number info-text\">1-800-359-2111<\/a>\r\n                                                    <\/div>\r\n                                    <\/div>\r\n            <\/div>\r\n        <\/div>\r\n    <\/section>\r\n    \n\n\r\n    <section class=\"block block_home_1 pv blanc\">\r\n        <div class=\"container ph\">\r\n            <div class=\"row\">\r\n                <div class=\"content \">\r\n                    <div class=\"col-left\">\r\n                        <img decoding=\"async\" src=\"https:\/\/www.globexcourier.com\/wp-content\/uploads\/2024\/03\/image-apropos.png\" alt=\"\" \/>\r\n                    <\/div>\r\n                    <div class=\"col-right\">\r\n                                                    <h2 class=\"h2\">Globex courrier international\u00a0: Une <span class=\"italique\">success story<\/span> depuis 1995<\/h2>\r\n                                                <div class=\"text intro-txt check-list\">\r\n                            <p>Ayant vu le jour dans la dynamique ville de Montr\u00e9al en 1995, Globex Courrier a rapidement gravi les \u00e9chelons pour devenir une r\u00e9f\u00e9rence dans l\u2019univers de la livraison express.<br \/>\nAvec plus de 30 ans d\u2019exp\u00e9rience, notre nom rime avec fiabilit\u00e9 et efficacit\u00e9, couvrant plus de 220 pays et territoires mondialement tout en valorisant nos engagements et le bien-\u00eatre de notre \u00e9quipe.<\/p>\n<p>Chez Globex, nous embrassons une vaste \u00e9tendue de domaines, aussi vari\u00e9s que l&rsquo;industrie manufacturi\u00e8re, de l&rsquo;automobile, de mobilier, ainsi que dans le domaine de l&rsquo;ing\u00e9nierie ou l&rsquo;architecture. Notre expertise excelle et s\u2019adapte \u00e0 vos besoins.<\/p>\n<p>Notre fiert\u00e9\u2009? \u00catre les transporteurs officiels de prestigieuses institutions comme les Universit\u00e9s qu\u00e9b\u00e9coises, le Gouvernement du Qu\u00e9bec, le R\u00e9seau de la Sant\u00e9 du Qu\u00e9bec et bien plus encore. Nous sommes \u00e9galement reconnus pour notre habilet\u00e9 dans le <a href=\"https:\/\/www.globexcourier.com\/fr\/services\/service-de-livraison-mondial-doeuvres-dart\/\">transport d\u2019\u0153uvres d\u2019art<\/a>, garantissant la s\u00e9curit\u00e9 de vos biens les plus pr\u00e9cieux.<\/p>\n  \r\n                        <\/div>\r\n                    <\/div>\r\n                <\/div>\r\n            <\/div>\r\n        <\/div>\r\n    <\/section>\r\n\r\n    \n\n\r\n    <section class=\"block block_about_2 mb\">\r\n        <div class=\"container ph\">\r\n            <div class=\"row\">\r\n                <div class=\"content\">\r\n                    <h2 class=\"h2\">Notre fiabilit\u00e9, votre confiance<\/h2>\r\n                    <div class=\"chiffre-cles\">\r\n                                                                                    <div class=\"chiffre\">\r\n                                    <span class=\"number\">7M +<\/span>\r\n                                    <span class=\"text\">de commandes et toujours aussi passionn\u00e9s.<\/span>\r\n                                <\/div>\r\n                                                            <div class=\"chiffre\">\r\n                                    <span class=\"number\">+ 95%<\/span>\r\n                                    <span class=\"text\">de livraisons ponctuelles \u2014 Parce que votre temps compte.<\/span>\r\n                                <\/div>\r\n                                                            <div class=\"chiffre\">\r\n                                    <span class=\"number\">100 +<\/span>\r\n                                    <span class=\"text\">\u00a0livreurs dynamiques en action \u00e0 Montr\u00e9al et Qu\u00e9bec.<\/span>\r\n                                <\/div>\r\n                                                            <div class=\"chiffre\">\r\n                                    <span class=\"number\">4500<\/span>\r\n                                    <span class=\"text\">partenaires satisfaits \u2014 Rejoignez la famille Globex\u2009!<\/span>\r\n                                <\/div>\r\n                                                            <div class=\"chiffre\">\r\n                                    <span class=\"number\">4.8\/5 <\/span>\r\n                                    <span class=\"text\">sur Google  \u2014 La confiance de nos clients, notre fiert\u00e9.<\/span>\r\n                                <\/div>\r\n                                                                        <\/div>\r\n                    <a href=\"https:\/\/www.globexcourier.com\/fr\/careers\/\" class=\"btn\">FAITES PARTIE DE NOTRE \u00c9QUIPE<\/a>\r\n                <\/div>\r\n            <\/div>\r\n        <\/div>\r\n    <\/section>\r\n\r\n    \n\n\r\n    <section class=\"block block_about-3 ph pt mb\">\r\n        <div class=\"container\">\r\n            <div class=\"row\">\r\n                <div class=\"content\">\r\n                    <h2 class=\"h2 smaller title\">L\u2019engagement Globex\u00a0: votre partenaire logistique de confiance<\/h2>\r\n                    <div class=\"text\">\r\n                        <p><strong>Chez Globex Courrier, votre colis est ROI !<\/strong> Nous nous positionnons non seulement comme votre fournisseur, mais comme une extension int\u00e9grale de votre entreprise. Chaque document, chaque colis que vous nous confiez sont trait\u00e9s avec la plus grande attention, de leurs r\u00e9ceptions \u00e0 leurs exp\u00e9ditions.<\/p>\n<p>Notre objectif quotidien\u2009? R\u00e9pondre avec pr\u00e9cision et soin \u00e0 chacun de vos besoins en transport et logistique.<\/p>\n  \r\n                    <\/div>\r\n                    <div class=\"services-grid -column\">\r\n                                                    \r\n                                <div class=\"service\">\r\n                                    <div class=\"header-wrap \">\r\n                                        <div class=\"icon\">\r\n                                            <img decoding=\"async\" src=\"https:\/\/www.globexcourier.com\/wp-content\/uploads\/2024\/03\/engagement-icone.svg\" alt=\"\" \/>\r\n                                        <\/div>\r\n                                        <h3 class=\"h3\">\u00a0Nos engagements pour une livraison express sans faille\u00a0:<\/h3>\r\n                                    <\/div>\r\n                                    <div class=\"content-wrap\">\r\n                                        <div class=\"details check-list\"><ul>\n<li aria-level=\"1\"><strong>Courtiers en transport et logistique<\/strong>\u00a0: Nous sommes vos yeux et vos oreilles dans l\u2019univers complexe du transport express.<\/li>\n<li aria-level=\"1\"><strong>Diversit\u00e9 des modes de transport<\/strong>\u00a0: Que ce soit par air, terre, ou mer, nous avons une solution pour chaque d\u00e9fi logistique.<\/li>\n<li aria-level=\"1\"><strong>Partenariats strat\u00e9giques<\/strong>\u00a0: Nous exploitons les r\u00e9seaux mondialement reconnus pour vous offrir le meilleur en termes de livraison express internationale.<\/li>\n<\/ul>\n<\/div>\r\n                                        <div class=\"details check-list\"><ul>\n<li aria-level=\"1\"><strong><a href=\"https:\/\/www.globexcourier.com\/fr\/rates\/\">Tarifs comp\u00e9titifs<\/a><\/strong>\u00a0: B\u00e9n\u00e9ficiez de nos accords corporatifs avec des g\u00e9ants de la logistique. Nous nous engageons \u00e0 offrir le meilleur rapport qualit\u00e9-prix de sorte \u00e0 r\u00e9duire vos co\u00fbts d\u2019exp\u00e9dition sans compromettre la qualit\u00e9\u2009!<\/li>\n<li aria-level=\"1\"><strong>Pr\u00e9sence mondiale<\/strong>\u00a0: Notre r\u00e9seau s\u2019\u00e9tend aux quatre coins du globe, assurant une repr\u00e9sentation sans pareil.<\/li>\n<\/ul>\n<\/div>\r\n                                    <\/div>\r\n                                <\/div>\r\n                                                    <\/div>\r\n                                            <\/div>\r\n                <\/div>\r\n            <\/div>\r\n        <\/div>\r\n    <\/section>\r\n\r\n    \n\n\r\n    <section class=\"block block_cta-bottom block_cta-bottom-2 ph mt \" style=\"background-image: url(https:\/\/www.globexcourier.com\/wp-content\/uploads\/2024\/03\/cta-background.jpg);\">\r\n        <div class=\"container\">\r\n            <div class=\"row\">\r\n                <div class=\"content\">\r\n                    <h2 class=\"h2 title\">Globex Courrier\u00a0International\u00a0: s\u2019adapter pour exceller\u2009!<\/h2>\r\n                    <div class=\"text\"><p>Votre d\u00e9fi, notre mission\u2009! Chez Globex, nous comprenons que chaque envoi est unique. C\u2019est pourquoi nous nous adaptons \u00e0 vos besoins sp\u00e9cifiques, offrant des solutions de transport sur mesure. Que ce soit pour des colis standards ou hors normes, notre \u00e9quipe d\u2019experts est l\u00e0 pour r\u00e9pondre \u00e0 vos exigences.<\/p>\n<\/div>\r\n                    <div class=\"avantages\">\r\n                                                                                    <div class=\"avantage\">\r\n                                    <div class=\"icon\">\r\n                                        <img decoding=\"async\" src=\"https:\/\/www.globexcourier.com\/wp-content\/uploads\/2024\/03\/solutions-icone.png\" alt=\"\" \/>\r\n                                    <\/div>\r\n                                    <div class=\"text\">Solutions personnalis\u00e9es<\/div>\r\n                                <\/div>\r\n                                                            <div class=\"avantage\">\r\n                                    <div class=\"icon\">\r\n                                        <img decoding=\"async\" src=\"https:\/\/www.globexcourier.com\/wp-content\/uploads\/2024\/03\/qualite-icone.png\" alt=\"\" \/>\r\n                                    <\/div>\r\n                                    <div class=\"text\">Qualit\u00e9 et \u00c9conomie\u00a0<\/div>\r\n                                <\/div>\r\n                                                            <div class=\"avantage\">\r\n                                    <div class=\"icon\">\r\n                                        <img decoding=\"async\" src=\"https:\/\/www.globexcourier.com\/wp-content\/uploads\/2024\/03\/expertise-icone.png\" alt=\"\" \/>\r\n                                    <\/div>\r\n                                    <div class=\"text\">Flexibilit\u00e9 et Expertise<\/div>\r\n                                <\/div>\r\n                                                                        <\/div>\r\n                                        <div class=\"text text_2\"><p><strong>Globex est plus qu\u2019une entreprise de courrier \u2014 nous sommes votre partenaire strat\u00e9gique en logistique et transport de marchandises. Contactez-nous et d\u00e9couvrez la diff\u00e9rence Globex.<\/strong><\/p>\n<\/div>\r\n                                                            <div class=\"cta\">\r\n                        <a href=\"https:\/\/www.globexcourier.com\/fr\/contact\/\" class=\"btn\">Contactez-nous<\/a>\r\n                                                <a href=\"tel:+18003592111\" class=\"phone-number info-text\">1-800-359-2111<\/a>\r\n                                            <\/div>\r\n                                    <\/div>\r\n            <\/div>\r\n        <\/div>\r\n    <\/section>\r\n    ","protected":false},"excerpt":{"rendered":"","protected":false},"author":4,"featured_media":0,"parent":0,"menu_order":0,"comment_status":"closed","ping_status":"closed","template":"page-service.php","meta":{"_acf_changed":false,"footnotes":""},"class_list":["post-54","page","type-page","status-publish","hentry"],"acf":[],"yoast_head":"<!-- This site is optimized with the Yoast SEO plugin v27.3 - https:\/\/yoast.com\/product\/yoast-seo-wordpress\/ -->\n<title>Compagnie de courrier \u00e0 Montr\u00e9al et au Qu\u00e9bec | Globex Courrier<\/title>\n<meta name=\"description\" content=\"Compagnie de courrier \u00e0 Montr\u00e9al et au Qu\u00e9bec, Globex est votre compagnie de livraison de confiance dans le monde entier.\" \/>\n<meta name=\"robots\" content=\"index, follow, max-snippet:-1, max-image-preview:large, max-video-preview:-1\" \/>\n<link rel=\"canonical\" href=\"https:\/\/www.globexcourier.com\/fr\/compagnie-livraison\/\" \/>\n<meta property=\"og:locale\" content=\"fr_CA\" \/>\n<meta property=\"og:type\" content=\"article\" \/>\n<meta property=\"og:title\" content=\"Compagnie de courrier \u00e0 Montr\u00e9al et au Qu\u00e9bec | Globex Courrier\" \/>\n<meta property=\"og:description\" content=\"Compagnie de courrier \u00e0 Montr\u00e9al et au Qu\u00e9bec, Globex est votre compagnie de livraison de confiance dans le monde entier.\" \/>\n<meta property=\"og:url\" content=\"https:\/\/www.globexcourier.com\/fr\/compagnie-livraison\/\" \/>\n<meta property=\"og:site_name\" content=\"Globex\" \/>\n<meta property=\"article:modified_time\" content=\"2026-03-04T16:07:27+00:00\" \/>\n<meta property=\"og:image\" content=\"https:\/\/www.globexcourier.com\/wp-content\/uploads\/2024\/03\/globex-image.jpg\" \/>\n\t<meta property=\"og:image:width\" content=\"840\" \/>\n\t<meta property=\"og:image:height\" content=\"840\" \/>\n\t<meta property=\"og:image:type\" content=\"image\/jpeg\" \/>\n<meta name=\"twitter:card\" content=\"summary_large_image\" \/>\n<script type=\"application\/ld+json\" class=\"yoast-schema-graph\">{\"@context\":\"https:\\\/\\\/schema.org\",\"@graph\":[{\"@type\":\"WebPage\",\"@id\":\"https:\\\/\\\/www.globexcourier.com\\\/fr\\\/compagnie-livraison\\\/\",\"url\":\"https:\\\/\\\/www.globexcourier.com\\\/fr\\\/compagnie-livraison\\\/\",\"name\":\"Compagnie de courrier \u00e0 Montr\u00e9al et au Qu\u00e9bec | Globex Courrier\",\"isPartOf\":{\"@id\":\"https:\\\/\\\/www.globexcourier.com\\\/fr\\\/#website\"},\"datePublished\":\"2024-03-04T16:15:40+00:00\",\"dateModified\":\"2026-03-04T16:07:27+00:00\",\"description\":\"Compagnie de courrier \u00e0 Montr\u00e9al et au Qu\u00e9bec, Globex est votre compagnie de livraison de confiance dans le monde entier.\",\"breadcrumb\":{\"@id\":\"https:\\\/\\\/www.globexcourier.com\\\/fr\\\/compagnie-livraison\\\/#breadcrumb\"},\"inLanguage\":\"fr-CA\",\"potentialAction\":[{\"@type\":\"ReadAction\",\"target\":[\"https:\\\/\\\/www.globexcourier.com\\\/fr\\\/compagnie-livraison\\\/\"]}]},{\"@type\":\"BreadcrumbList\",\"@id\":\"https:\\\/\\\/www.globexcourier.com\\\/fr\\\/compagnie-livraison\\\/#breadcrumb\",\"itemListElement\":[{\"@type\":\"ListItem\",\"position\":1,\"name\":\"Accueil\",\"item\":\"https:\\\/\\\/www.globexcourier.com\\\/fr\\\/\"},{\"@type\":\"ListItem\",\"position\":2,\"name\":\"\u00c0 propos\"}]},{\"@type\":\"WebSite\",\"@id\":\"https:\\\/\\\/www.globexcourier.com\\\/fr\\\/#website\",\"url\":\"https:\\\/\\\/www.globexcourier.com\\\/fr\\\/\",\"name\":\"Globex\",\"description\":\"\",\"publisher\":{\"@id\":\"https:\\\/\\\/www.globexcourier.com\\\/fr\\\/#organization\"},\"potentialAction\":[{\"@type\":\"SearchAction\",\"target\":{\"@type\":\"EntryPoint\",\"urlTemplate\":\"https:\\\/\\\/www.globexcourier.com\\\/fr\\\/?s={search_term_string}\"},\"query-input\":{\"@type\":\"PropertyValueSpecification\",\"valueRequired\":true,\"valueName\":\"search_term_string\"}}],\"inLanguage\":\"fr-CA\"},{\"@type\":\"Organization\",\"@id\":\"https:\\\/\\\/www.globexcourier.com\\\/fr\\\/#organization\",\"name\":\"Globex\",\"url\":\"https:\\\/\\\/www.globexcourier.com\\\/fr\\\/\",\"logo\":{\"@type\":\"ImageObject\",\"inLanguage\":\"fr-CA\",\"@id\":\"https:\\\/\\\/www.globexcourier.com\\\/fr\\\/#\\\/schema\\\/logo\\\/image\\\/\",\"url\":\"https:\\\/\\\/www.globexcourier.com\\\/wp-content\\\/uploads\\\/2024\\\/03\\\/Logo-bleu.svg\",\"contentUrl\":\"https:\\\/\\\/www.globexcourier.com\\\/wp-content\\\/uploads\\\/2024\\\/03\\\/Logo-bleu.svg\",\"caption\":\"Globex\"},\"image\":{\"@id\":\"https:\\\/\\\/www.globexcourier.com\\\/fr\\\/#\\\/schema\\\/logo\\\/image\\\/\"}}]}<\/script>\n<!-- \/ Yoast SEO plugin. -->","yoast_head_json":{"title":"Compagnie de courrier \u00e0 Montr\u00e9al et au Qu\u00e9bec | Globex Courrier","description":"Compagnie de courrier \u00e0 Montr\u00e9al et au Qu\u00e9bec, Globex est votre compagnie de livraison de confiance dans le monde entier.","robots":{"index":"index","follow":"follow","max-snippet":"max-snippet:-1","max-image-preview":"max-image-preview:large","max-video-preview":"max-video-preview:-1"},"canonical":"https:\/\/www.globexcourier.com\/fr\/compagnie-livraison\/","og_locale":"fr_CA","og_type":"article","og_title":"Compagnie de courrier \u00e0 Montr\u00e9al et au Qu\u00e9bec | Globex Courrier","og_description":"Compagnie de courrier \u00e0 Montr\u00e9al et au Qu\u00e9bec, Globex est votre compagnie de livraison de confiance dans le monde entier.","og_url":"https:\/\/www.globexcourier.com\/fr\/compagnie-livraison\/","og_site_name":"Globex","article_modified_time":"2026-03-04T16:07:27+00:00","og_image":[{"width":840,"height":840,"url":"https:\/\/www.globexcourier.com\/wp-content\/uploads\/2024\/03\/globex-image.jpg","type":"image\/jpeg"}],"twitter_card":"summary_large_image","schema":{"@context":"https:\/\/schema.org","@graph":[{"@type":"WebPage","@id":"https:\/\/www.globexcourier.com\/fr\/compagnie-livraison\/","url":"https:\/\/www.globexcourier.com\/fr\/compagnie-livraison\/","name":"Compagnie de courrier \u00e0 Montr\u00e9al et au Qu\u00e9bec | Globex Courrier","isPartOf":{"@id":"https:\/\/www.globexcourier.com\/fr\/#website"},"datePublished":"2024-03-04T16:15:40+00:00","dateModified":"2026-03-04T16:07:27+00:00","description":"Compagnie de courrier \u00e0 Montr\u00e9al et au Qu\u00e9bec, Globex est votre compagnie de livraison de confiance dans le monde entier.","breadcrumb":{"@id":"https:\/\/www.globexcourier.com\/fr\/compagnie-livraison\/#breadcrumb"},"inLanguage":"fr-CA","potentialAction":[{"@type":"ReadAction","target":["https:\/\/www.globexcourier.com\/fr\/compagnie-livraison\/"]}]},{"@type":"BreadcrumbList","@id":"https:\/\/www.globexcourier.com\/fr\/compagnie-livraison\/#breadcrumb","itemListElement":[{"@type":"ListItem","position":1,"name":"Accueil","item":"https:\/\/www.globexcourier.com\/fr\/"},{"@type":"ListItem","position":2,"name":"\u00c0 propos"}]},{"@type":"WebSite","@id":"https:\/\/www.globexcourier.com\/fr\/#website","url":"https:\/\/www.globexcourier.com\/fr\/","name":"Globex","description":"","publisher":{"@id":"https:\/\/www.globexcourier.com\/fr\/#organization"},"potentialAction":[{"@type":"SearchAction","target":{"@type":"EntryPoint","urlTemplate":"https:\/\/www.globexcourier.com\/fr\/?s={search_term_string}"},"query-input":{"@type":"PropertyValueSpecification","valueRequired":true,"valueName":"search_term_string"}}],"inLanguage":"fr-CA"},{"@type":"Organization","@id":"https:\/\/www.globexcourier.com\/fr\/#organization","name":"Globex","url":"https:\/\/www.globexcourier.com\/fr\/","logo":{"@type":"ImageObject","inLanguage":"fr-CA","@id":"https:\/\/www.globexcourier.com\/fr\/#\/schema\/logo\/image\/","url":"https:\/\/www.globexcourier.com\/wp-content\/uploads\/2024\/03\/Logo-bleu.svg","contentUrl":"https:\/\/www.globexcourier.com\/wp-content\/uploads\/2024\/03\/Logo-bleu.svg","caption":"Globex"},"image":{"@id":"https:\/\/www.globexcourier.com\/fr\/#\/schema\/logo\/image\/"}}]}},"_links":{"self":[{"href":"https:\/\/www.globexcourier.com\/fr\/wp-json\/wp\/v2\/pages\/54","targetHints":{"allow":["GET"]}}],"collection":[{"href":"https:\/\/www.globexcourier.com\/fr\/wp-json\/wp\/v2\/pages"}],"about":[{"href":"https:\/\/www.globexcourier.com\/fr\/wp-json\/wp\/v2\/types\/page"}],"author":[{"embeddable":true,"href":"https:\/\/www.globexcourier.com\/fr\/wp-json\/wp\/v2\/users\/4"}],"replies":[{"embeddable":true,"href":"https:\/\/www.globexcourier.com\/fr\/wp-json\/wp\/v2\/comments?post=54"}],"version-history":[{"count":23,"href":"https:\/\/www.globexcourier.com\/fr\/wp-json\/wp\/v2\/pages\/54\/revisions"}],"predecessor-version":[{"id":3523,"href":"https:\/\/www.globexcourier.com\/fr\/wp-json\/wp\/v2\/pages\/54\/revisions\/3523"}],"wp:attachment":[{"href":"https:\/\/www.globexcourier.com\/fr\/wp-json\/wp\/v2\/media?parent=54"}],"curies":[{"name":"wp","href":"https:\/\/api.w.org\/{rel}","templated":true}]}}