{"id":245,"date":"2024-03-05T11:10:33","date_gmt":"2024-03-05T16:10:33","guid":{"rendered":"https:\/\/www.globexcourier.com\/?page_id=245"},"modified":"2024-03-14T15:08:06","modified_gmt":"2024-03-14T19:08:06","slug":"politique-de-confidentialite","status":"publish","type":"page","link":"https:\/\/www.globexcourier.com\/fr\/politique-de-confidentialite\/","title":{"rendered":"Politique de confidentialit\u00e9"},"content":{"rendered":"\n<p>Politique de confidentialit\u00e9 sur Internet de <a href=\"https:\/\/www.globexcourier.com\/\">Globex Courrier Express International Inc.<\/a><\/p>\n\n\n\n<p>Globex Courrier Express International Inc. comprend l&rsquo;importance de prot\u00e9ger les renseignements personnels des utilisateurs de globexcourier.com\/fr\/.<\/p>\n\n\n\n<p>Nous recueillons des renseignements dans le but d&rsquo;am\u00e9liorer nos services de m\u00eame que le contenu de notre site Web sur globexcourier.com\/fr\/ &nbsp;afin de mieux communiquer avec vous, y compris en vous faisant parvenir des mises \u00e0 jour sur notre site Web, nos services et nos activit\u00e9s. Ces renseignements sont aussi utilis\u00e9s dans le cadre des activit\u00e9s de marketing, de promotion et d&rsquo;information de Globex et pour r\u00e9aliser d&rsquo;autres activit\u00e9s, tel qu&rsquo;il est d\u00e9crit dans la pr\u00e9sente politique.<\/p>\n\n\n\n<p>De plus, Il faut s&rsquo;enregistrer ou fournir un mot de passe pour acc\u00e9der \u00e0 certaines sections de globexcourier.com\/fr\/. Les renseignements recueillis sur notre site peuvent \u00eatre utilis\u00e9s aux fins indiqu\u00e9es plus haut, et des t\u00e9moins peuvent \u00eatre ins\u00e9r\u00e9s dans ces sections ainsi que dans d&rsquo;autres sections, comme d\u00e9crit dans la pr\u00e9sente politique. Les renseignements recueillis dans ces sections pourraient aussi \u00eatre utilis\u00e9s conform\u00e9ment aux accords qui r\u00e9gissent l&rsquo;acc\u00e8s et l&rsquo;utilisation de ces derni\u00e8res, par exemple, les visiteurs de globexcourier.com\/fr\/ pourraient en outre vouloir s&rsquo;enregistrer pour obtenir une connexion, une ID utilisateur et un mot de passe Globex et ainsi avoir plus facilement acc\u00e8s \u00e0 certaines caract\u00e9ristiques interactives disponibles sur notre site. Les donn\u00e9es du fichier journal et d&rsquo;autres renseignements recueillis aupr\u00e8s des utilisateurs enregistr\u00e9s sur notre site &nbsp;servent entre autres \u00e0 am\u00e9liorer l&rsquo;exp\u00e9rience client sur globexcourier.com\/fr\/.<\/p>\n\n\n\n<p>Si vous \u00eates le destinataire d&rsquo;un colis, nous avons obtenu votre nom et les renseignements sur votre envoi d&rsquo;un client. Lorsque vous visitez globexcourier.com\/fr\/pour faire le suivi d&rsquo;un envoi en transit, nous recueillons votre adresse IP et d&rsquo;autres renseignements qui ne nous permettent pas de vous identifier, comme nous le faisons avec d&rsquo;autres visiteurs de notre site Web. Vous n&rsquo;avez pas besoin de vous enregistrer sur notre site pour obtenir des renseignements sur votre colis. Nous utilisons, divulguons et traitons les renseignements obtenus de vous dans le cadre de nos op\u00e9rations pour assurer nos services et pour r\u00e9aliser d&rsquo;autres activit\u00e9s, comme il est indiqu\u00e9 dans la pr\u00e9sente politique.<\/p>\n\n\n\n<p>Veuillez consulter nos termes et conditions able pour obtenir des renseignements sur les limites de responsabilit\u00e9 et les exon\u00e9rations de garantie applicables \u00e0 nos services , ainsi que d&rsquo;autres renseignements.<\/p>\n\n\n\n<p>Globex se r\u00e9serve le droit de modifier sa Politique de confidentialit\u00e9 sur Internet en tout temps et sans pr\u00e9avis. Veuillez v\u00e9rifier r\u00e9guli\u00e8rement cette page en cas de modification.<\/p>\n\n\n\n<h2 class=\"wp-block-heading\"><strong>Quels renseignements non personnels Globex recueille-t-elle sur les visiteurs de son site Web?<\/strong><\/h2>\n\n\n\n<p>https:\/\/www.globexcourier.com\/fr\/est h\u00e9berg\u00e9 sur le serveur Web de Globex courier.com. Ce serveur utilise un fichier journal \u00e9tendu qui recueille les donn\u00e9es suivantes : date et heure de la visite, adresse de renvoi (lieu duquel part le visiteur pour se rendre sur notre site), type de navigateur Internet, et adresse IP du visiteur (chaque ordinateur qui se connecte \u00e0 Internet se voit attribuer un num\u00e9ro unique, l&rsquo;adresse IP, \u00e0 des fins d&rsquo;identification), la langue\/le pays, la date\/l&rsquo;estampille temporelle, la taille de l&rsquo;\u00e9cran, les m\u00e9tabalises, ainsi que le t\u00e9moin de la partie principale de Globex et le t\u00e9moin de la tierce partie de Globex. Le fichier journal ne consigne pas l&rsquo;adresse \u00e9lectronique du visiteur. Pour de plus amples renseignements, veuillez consulter la section sur les&nbsp;<a href=\"https:\/\/www.fedex.com\/fr-ca\/privacy.html\">t\u00e9moins<\/a>&nbsp;ci-dessous.&nbsp;<\/p>\n\n\n\n<h2 class=\"wp-block-heading\"><strong>Globex demande-t-elle des renseignements personnels?<\/strong><\/h2>\n\n\n\n<p>Des renseignements personnels sont exig\u00e9s pour acc\u00e9der \u00e0 plusieurs sections de notre site web, dont : enregistrement en ligne pour obtenir un compte, caract\u00e9ristiques de Gestion de mon compte, pages, Suivi&nbsp;et autres.<\/p>\n\n\n\n<p>&nbsp;D&rsquo;autres \u00e9l\u00e9ments pourraient s&rsquo;ajouter \u00e0 cette liste sans pr\u00e9avis. Si d&rsquo;autres \u00e9l\u00e9ments venaient \u00e0 s&rsquo;ajouter, des renseignements additionnels pourraient \u00eatre exig\u00e9s. Pour ces sections, vous devrez fournir des renseignements tels que vos nom, adresse, adresse courriel, renseignements sur la facturation et profil de votre entreprise. Globex recueille ces renseignements en vue d&rsquo;am\u00e9liorer ses services, de vous fournir un acc\u00e8s \u00e0 d&rsquo;importants renseignements et services de Globex sur Internet, et de vous facturer pour ces services si vous d\u00e9sirez les utiliser, en plus d&rsquo;autres utilisations telles qu&rsquo;elles sont indiqu\u00e9es dans la pr\u00e9sente politique.<\/p>\n\n\n\n<h2 class=\"wp-block-heading\"><strong>Comment Globexutilise-t-elle les renseignements non personnels et personnels recueillis sur son site Web?<\/strong><\/h2>\n\n\n\n<p>Ces renseignements nous aident \u00e0 d\u00e9terminer le contenu du site Web privil\u00e9gi\u00e9 par nos clients. Nous pouvons ainsi am\u00e9liorer nos services et notre site en cons\u00e9quence. Ces renseignements nous servent aussi \u00e0 promouvoir et \u00e0 am\u00e9liorer notre site Web et nos services, et \u00e0 personnaliser votre exp\u00e9rience en tant qu&rsquo;utilisateur. Nous utilisons en outre ces informations pour communiquer avec vous, vous transmettre des avis par courriel sur les modifications apport\u00e9es \u00e0 notre site Web, et \u00e0 des fins de marketing. Nous avons comme politique de ne pas donner, vendre ou transmettre les renseignements recueillis sur ce site \u00e0 des tierces parties ext\u00e9rieures \u00e0 Globex (\u00e0 moins que la loi ne l&rsquo;exige) pour leur permettre de r\u00e9aliser leurs propres activit\u00e9s de marketing. N\u00e9anmoins, dans certains cas, nous pourrons utiliser des fournisseurs pour nous aider \u00e0 recueillir, utiliser ou traiter pour votre b\u00e9n\u00e9fice les renseignements obtenus sur ce site Web tel qu&rsquo;il est d\u00e9crit dans la pr\u00e9sente politique. Nous exigeons de nos fournisseurs qu&rsquo;ils r\u00e9alisent ces activit\u00e9s conform\u00e9ment \u00e0 la pr\u00e9sente et aux exigences pr\u00e9vues par la loi. De plus, vos renseignements personnels pourraient \u00eatre combin\u00e9s \u00e0 des renseignements non personnels pour vous faire vivre une exp\u00e9rience Web sur mesure, et \u00e0 d&rsquo;autres fins similaires.<\/p>\n\n\n\n<h2 class=\"wp-block-heading\"><strong>Que se passe-t-il lorsque je clique sur un hyperlien du site Globexcourier.com pour visiter un autre site Web?<\/strong><\/h2>\n\n\n\n<p>Une partie de notre site comprend des liens sur les produits et services de partenaires de Globex et autres tierces parties. Lorsque vous quittez notre site pour visiter l&rsquo;un de leurs sites, le seul renseignement transmis \u00e0 ces tierces parties est le fait que vous venez de notre site (l&rsquo;adresse de renvoi). Cette pratique permet aux autres entreprises de contr\u00f4ler le trafic de leur propre site Web, mais ne fournit aucun renseignement de nature personnelle. Globex n&rsquo;est pas responsable des activit\u00e9s ind\u00e9pendantes, du contenu ou des politiques sur les renseignements personnels des autres sites. Veuillez consulter les politiques sur les renseignements personnels de ces sites pour en conna\u00eetre davantage sur l&rsquo;utilisation de vos renseignements.<\/p>\n\n\n\n<h2 class=\"wp-block-heading\"><a><\/a><strong>Qu&rsquo;est-ce qu&rsquo;un t\u00e9moin?<\/strong><\/h2>\n\n\n\n<p>Un t\u00e9moin comprend une s\u00e9rie de caract\u00e8res qui, une fois programm\u00e9e dans un site Web, est transmise par le serveur Web dans le dossier navigateur de votre ordinateur. Une fois dans votre appareil, ce fichier permet au site Web de vous \u00ab reconna\u00eetre \u00bb \u00e0 titre d&rsquo;utilisateur unique.<\/p>\n\n\n\n<h2 class=\"wp-block-heading\"><strong>Globex utilise-t-elle des t\u00e9moins?<\/strong><\/h2>\n\n\n\n<p>Les t\u00e9moins permettent d&rsquo;atteindre plusieurs objectifs. En premier lieu, ils permettent \u00e0 Globex de personnaliser les renseignements de certains secteurs de sa base de donn\u00e9es sur les clients. Ils peuvent aussi nous aider \u00e0 vous reconna\u00eetre en tant que visiteur pass\u00e9, et nous indiquer les pr\u00e9f\u00e9rences que vous auriez pu \u00e9tablir lors de vos visites pr\u00e9c\u00e9dentes sur notre site Web au moyen du m\u00eame navigateur. Dans certains cas, les t\u00e9moins nous permettent de faire le lien entre les clients et leurs profils. Par exemple, gr\u00e2ce \u00e0 l&rsquo;utilisation de t\u00e9moins, la connexion \u00e0 globexcourier.com\/fr\/ &nbsp;peut \u00ab garder en m\u00e9moire \u00bb votre ID utilisateur lorsque vous vous connectez sur votre ordinateur.<\/p>\n\n\n\n<p>Sauf si vous vous enregistrez sur certaines sections de notre site, ces t\u00e9moins ne contiennent pas de renseignements personnels. Si vous vous enregistrez sur certaines sections, les t\u00e9moins qui contiennent des renseignements personnels pourraient \u00eatre combin\u00e9s \u00e0 d&rsquo;autres renseignements afin de vous fournir un contenu plus personnalis\u00e9 sur notre site Web, ainsi que des publicit\u00e9s cibl\u00e9es sur d&rsquo;autres sites Internet. Par exemple, lorsque vous acc\u00e9dez \u00e0 une page sur notre site Web, un t\u00e9moin est automatiquement cr\u00e9\u00e9 par nous ou par nos fournisseurs de services afin de reconna\u00eetre votre navigateur lorsque vous \u00eates sur Internet, et ainsi vous pr\u00e9senter des renseignements et des publicit\u00e9s bas\u00e9s sur vos int\u00e9r\u00eats personnels.<\/p>\n\n\n\n<p>Enfin, les t\u00e9moins sont aussi utilis\u00e9s pour aider \u00e0 \u00e9valuer et \u00e0 analyser l&rsquo;efficacit\u00e9 des caract\u00e9ristiques et des offres du site Web, et des publicit\u00e9s.<\/p>\n\n\n\n<h2 class=\"wp-block-heading\"><strong>Puis-je supprimer les t\u00e9moins de mon ordinateur?<\/strong><\/h2>\n\n\n\n<p>Oui, il est possible de supprimer les t\u00e9moins de votre ordinateur. De plus, selon le type et la version de navigateur que vous utilisez, pour pourriez aussi modifier les propri\u00e9t\u00e9s de votre fichier de t\u00e9moins afin que ces derniers ne soient ni utilis\u00e9s, ni enregistr\u00e9s. Veuillez communiquer avec votre fournisseur de services Internet pour obtenir un compl\u00e9ment d&rsquo;information sur la fa\u00e7on de supprimer les t\u00e9moins. Veuillez noter que si vous refusez d&rsquo;accepter les t\u00e9moins, vous pourriez ne plus avoir acc\u00e8s \u00e0 de nombreux outils offerts sur notre site Web.<\/p>\n\n\n\n<h2 class=\"wp-block-heading\"><a><\/a><strong>Globex utilise-t-elle des r\u00e9gies publicitaires pour cibler des publicit\u00e9s sur des sites Internet tiers?<\/strong><\/h2>\n\n\n\n<p>Oui, Globex utilise des r\u00e9gies publicitaires pour diffuser des banni\u00e8res publicitaires sur des sites Internet tiers. Globex ne fournit pas de renseignements personnels \u00e0 ces r\u00e9gies pour leur utilisation propre, ou pour le b\u00e9n\u00e9fice de tiers. Ces r\u00e9gies publicitaires peuvent toutefois placer leurs propres t\u00e9moins sur votre navigateur. Vous pouvez choisir de ne pas permettre \u00e0 ces r\u00e9gies d&rsquo;utiliser leurs t\u00e9moins pour cibler des banni\u00e8res publicitaires \u00e0 votre intention sur des sites Internet tiers. Pour choisir de ne pas recevoir d&rsquo;offres cibl\u00e9es, veuillez consulter leur politique de confidentialit\u00e9.<\/p>\n\n\n\n<h2 class=\"wp-block-heading\"><strong>Globex utilise-t-elle mes renseignements personnels \u00e0 des fins publicitaires?<\/strong><\/h2>\n\n\n\n<p>Globex combine des renseignements personnels, obtenus lors des enregistrements, avec des renseignements non personnels recueillis sur vos recherches et d&rsquo;autres activit\u00e9s sur notre site internet par l&rsquo;interm\u00e9diaire de t\u00e9moins et d&rsquo;autres technologies. Nous pouvons aussi recevoir des renseignements non personnels similaires de la part de r\u00e9gies publicitaires. Nous utilisons ces renseignements pour personnaliser votre exp\u00e9rience sur le site Web.<\/p>\n\n\n\n<h2 class=\"wp-block-heading\"><strong>Avec quelles autres parties Globex partage-t-elle de l&rsquo;information?<\/strong><\/h2>\n\n\n\n<p>Globex &nbsp;pourrait aussi partager vos renseignements personnels en r\u00e9ponse \u00e0 des citations \u00e0 compara\u00eetre, des ordonnances de la cour ou d&rsquo;autres proc\u00e9d\u00e9s juridiques; pour \u00e9tablir ou exercer ses droits juridiques; pour se d\u00e9fendre contre des r\u00e9clamations juridiques; ou pour r\u00e9pondre \u00e0 toute autre exigence de nature juridique. Dans de tels cas, nous nous r\u00e9servons le droit de nous pr\u00e9valoir de toute objection juridique ou de tout recours qui nous est offert, ou d&rsquo;y renoncer.<\/p>\n\n\n\n<p>Nous partagerons aussi vos renseignements personnels lorsque nous croyons qu&rsquo;il est appropri\u00e9 de faire enqu\u00eate, de pr\u00e9venir ou d&rsquo;intenter une action concernant des activit\u00e9s ill\u00e9gales ou qui paraissent ill\u00e9gales; pour prot\u00e9ger et d\u00e9fendre les droits, la propri\u00e9t\u00e9 ou la s\u00e9curit\u00e9 de notre entreprise ou de ce site Web, de nos clients et d&rsquo;autres personnes; et en lien avec nos modalit\u00e9s de service et autres accords et ententes.<\/p>\n\n\n\n<p>Nous pourrions aussi partager vos renseignements dans un contexte de transaction commerciale comme un dessaisissement, une fusion, une consolidation, la vente d&rsquo;actifs, ou dans l&rsquo;\u00e9ventualit\u00e9 peu probable d&rsquo;une faillite.<\/p>\n\n\n\n<h2 class=\"wp-block-heading\"><strong>Qu&rsquo;en est-il des enfants de moins de 13 ans?<\/strong><\/h2>\n\n\n\n<p>Nous ne recueillons pas volontairement de renseignements personnels d&rsquo;enfants de moins de 13 ans. Si vous avez moins de 13 ans, veuillez ne pas nous soumettre de renseignements personnels, et demander \u00e0 un parent ou \u00e0 un tuteur de vous guider.<\/p>\n\n\n\n<h2 class=\"wp-block-heading\"><strong>Que se passe-t-il lorsque Globex modifie sa Politique de confidentialit\u00e9 sur Internet?<\/strong><\/h2>\n\n\n\n<p>Veuillez noter que la pr\u00e9sente politique peut \u00eatre modifi\u00e9e de temps \u00e0 autre. Nous vous aviserons de tout changement \u00e0 notre politique en affichant un lien sur la page d&rsquo;accueil de notre site Web. Nous indiquerons aussi la date d&rsquo;entr\u00e9e en vigueur de la r\u00e9vision en haut de la politique r\u00e9vis\u00e9e, et les changements apport\u00e9s entreront uniquement en vigueur 30 jours apr\u00e8s le premier affichage de la nouvelle version. Veuillez consulter r\u00e9guli\u00e8rement notre Politique de confidentialit\u00e9.<\/p>\n\n\n\n<h2 class=\"wp-block-heading\"><strong>Comment puis-je communiquer avec Globex?<\/strong><\/h2>\n\n\n\n<p><strong>Adresse postale :<\/strong><\/p>\n\n\n\n<p>Globex Courrier Express International Inc.<br>2267 Rue Gu\u00e9nette<br>Saint-Laurent, QC<br>H4R 2 E9<\/p>\n\n\n\n<p>Vous pouvez aussi nous joindre par courriel \u00e0 l&rsquo;adresse confidentialitepolitique@globexcourier.com&nbsp;ou par t\u00e9l\u00e9phone \u00e0&nbsp;<strong>1800.359.2111<\/strong>&nbsp;<\/p>\n","protected":false},"excerpt":{"rendered":"<p>Politique de confidentialit\u00e9 sur Internet de Globex Courrier Express International Inc. Globex Courrier Express International Inc. comprend l&rsquo;importance de prot\u00e9ger les renseignements personnels des utilisateurs de globexcourier.com\/fr\/. Nous recueillons des renseignements dans le but d&rsquo;am\u00e9liorer nos services de m\u00eame que le contenu de notre site Web sur globexcourier.com\/fr\/ &nbsp;afin de mieux communiquer avec vous, y [&hellip;]<\/p>\n","protected":false},"author":4,"featured_media":0,"parent":0,"menu_order":0,"comment_status":"closed","ping_status":"closed","template":"page-legal.php","meta":{"_acf_changed":false,"footnotes":""},"class_list":["post-245","page","type-page","status-publish","hentry"],"acf":[],"yoast_head":"<!-- This site is optimized with the Yoast SEO plugin v27.3 - https:\/\/yoast.com\/product\/yoast-seo-wordpress\/ -->\n<title>Politique de confidentialit\u00e9 | Globex<\/title>\n<meta name=\"robots\" content=\"index, follow, max-snippet:-1, max-image-preview:large, max-video-preview:-1\" \/>\n<link rel=\"canonical\" href=\"https:\/\/www.globexcourier.com\/fr\/politique-de-confidentialite\/\" \/>\n<meta property=\"og:locale\" content=\"fr_CA\" \/>\n<meta property=\"og:type\" content=\"article\" \/>\n<meta property=\"og:title\" content=\"Politique de confidentialit\u00e9 | Globex\" \/>\n<meta property=\"og:description\" content=\"Politique de confidentialit\u00e9 sur Internet de Globex Courrier Express International Inc. Globex Courrier Express International Inc. comprend l&rsquo;importance de prot\u00e9ger les renseignements personnels des utilisateurs de globexcourier.com\/fr\/. Nous recueillons des renseignements dans le but d&rsquo;am\u00e9liorer nos services de m\u00eame que le contenu de notre site Web sur globexcourier.com\/fr\/ &nbsp;afin de mieux communiquer avec vous, y [&hellip;]\" \/>\n<meta property=\"og:url\" content=\"https:\/\/www.globexcourier.com\/fr\/politique-de-confidentialite\/\" \/>\n<meta property=\"og:site_name\" content=\"Globex\" \/>\n<meta property=\"article:modified_time\" content=\"2024-03-14T19:08:06+00:00\" \/>\n<meta property=\"og:image\" content=\"https:\/\/www.globexcourier.com\/wp-content\/uploads\/2024\/03\/globex-image.jpg\" \/>\n\t<meta property=\"og:image:width\" content=\"840\" \/>\n\t<meta property=\"og:image:height\" content=\"840\" \/>\n\t<meta property=\"og:image:type\" content=\"image\/jpeg\" \/>\n<meta name=\"twitter:card\" content=\"summary_large_image\" \/>\n<meta name=\"twitter:label1\" content=\"Estimation du temps de lecture\" \/>\n\t<meta name=\"twitter:data1\" content=\"10 minutes\" \/>\n<script type=\"application\/ld+json\" class=\"yoast-schema-graph\">{\"@context\":\"https:\\\/\\\/schema.org\",\"@graph\":[{\"@type\":\"WebPage\",\"@id\":\"https:\\\/\\\/www.globexcourier.com\\\/fr\\\/politique-de-confidentialite\\\/\",\"url\":\"https:\\\/\\\/www.globexcourier.com\\\/fr\\\/politique-de-confidentialite\\\/\",\"name\":\"Politique de confidentialit\u00e9 | Globex\",\"isPartOf\":{\"@id\":\"https:\\\/\\\/www.globexcourier.com\\\/fr\\\/#website\"},\"datePublished\":\"2024-03-05T16:10:33+00:00\",\"dateModified\":\"2024-03-14T19:08:06+00:00\",\"breadcrumb\":{\"@id\":\"https:\\\/\\\/www.globexcourier.com\\\/fr\\\/politique-de-confidentialite\\\/#breadcrumb\"},\"inLanguage\":\"fr-CA\",\"potentialAction\":[{\"@type\":\"ReadAction\",\"target\":[\"https:\\\/\\\/www.globexcourier.com\\\/fr\\\/politique-de-confidentialite\\\/\"]}]},{\"@type\":\"BreadcrumbList\",\"@id\":\"https:\\\/\\\/www.globexcourier.com\\\/fr\\\/politique-de-confidentialite\\\/#breadcrumb\",\"itemListElement\":[{\"@type\":\"ListItem\",\"position\":1,\"name\":\"Accueil\",\"item\":\"https:\\\/\\\/www.globexcourier.com\\\/fr\\\/\"},{\"@type\":\"ListItem\",\"position\":2,\"name\":\"Politique de confidentialit\u00e9\"}]},{\"@type\":\"WebSite\",\"@id\":\"https:\\\/\\\/www.globexcourier.com\\\/fr\\\/#website\",\"url\":\"https:\\\/\\\/www.globexcourier.com\\\/fr\\\/\",\"name\":\"Globex\",\"description\":\"\",\"publisher\":{\"@id\":\"https:\\\/\\\/www.globexcourier.com\\\/fr\\\/#organization\"},\"potentialAction\":[{\"@type\":\"SearchAction\",\"target\":{\"@type\":\"EntryPoint\",\"urlTemplate\":\"https:\\\/\\\/www.globexcourier.com\\\/fr\\\/?s={search_term_string}\"},\"query-input\":{\"@type\":\"PropertyValueSpecification\",\"valueRequired\":true,\"valueName\":\"search_term_string\"}}],\"inLanguage\":\"fr-CA\"},{\"@type\":\"Organization\",\"@id\":\"https:\\\/\\\/www.globexcourier.com\\\/fr\\\/#organization\",\"name\":\"Globex\",\"url\":\"https:\\\/\\\/www.globexcourier.com\\\/fr\\\/\",\"logo\":{\"@type\":\"ImageObject\",\"inLanguage\":\"fr-CA\",\"@id\":\"https:\\\/\\\/www.globexcourier.com\\\/fr\\\/#\\\/schema\\\/logo\\\/image\\\/\",\"url\":\"https:\\\/\\\/www.globexcourier.com\\\/wp-content\\\/uploads\\\/2024\\\/03\\\/Logo-bleu.svg\",\"contentUrl\":\"https:\\\/\\\/www.globexcourier.com\\\/wp-content\\\/uploads\\\/2024\\\/03\\\/Logo-bleu.svg\",\"caption\":\"Globex\"},\"image\":{\"@id\":\"https:\\\/\\\/www.globexcourier.com\\\/fr\\\/#\\\/schema\\\/logo\\\/image\\\/\"}}]}<\/script>\n<!-- \/ Yoast SEO plugin. -->","yoast_head_json":{"title":"Politique de confidentialit\u00e9 | Globex","robots":{"index":"index","follow":"follow","max-snippet":"max-snippet:-1","max-image-preview":"max-image-preview:large","max-video-preview":"max-video-preview:-1"},"canonical":"https:\/\/www.globexcourier.com\/fr\/politique-de-confidentialite\/","og_locale":"fr_CA","og_type":"article","og_title":"Politique de confidentialit\u00e9 | Globex","og_description":"Politique de confidentialit\u00e9 sur Internet de Globex Courrier Express International Inc. Globex Courrier Express International Inc. comprend l&rsquo;importance de prot\u00e9ger les renseignements personnels des utilisateurs de globexcourier.com\/fr\/. Nous recueillons des renseignements dans le but d&rsquo;am\u00e9liorer nos services de m\u00eame que le contenu de notre site Web sur globexcourier.com\/fr\/ &nbsp;afin de mieux communiquer avec vous, y [&hellip;]","og_url":"https:\/\/www.globexcourier.com\/fr\/politique-de-confidentialite\/","og_site_name":"Globex","article_modified_time":"2024-03-14T19:08:06+00:00","og_image":[{"width":840,"height":840,"url":"https:\/\/www.globexcourier.com\/wp-content\/uploads\/2024\/03\/globex-image.jpg","type":"image\/jpeg"}],"twitter_card":"summary_large_image","twitter_misc":{"Estimation du temps de lecture":"10 minutes"},"schema":{"@context":"https:\/\/schema.org","@graph":[{"@type":"WebPage","@id":"https:\/\/www.globexcourier.com\/fr\/politique-de-confidentialite\/","url":"https:\/\/www.globexcourier.com\/fr\/politique-de-confidentialite\/","name":"Politique de confidentialit\u00e9 | Globex","isPartOf":{"@id":"https:\/\/www.globexcourier.com\/fr\/#website"},"datePublished":"2024-03-05T16:10:33+00:00","dateModified":"2024-03-14T19:08:06+00:00","breadcrumb":{"@id":"https:\/\/www.globexcourier.com\/fr\/politique-de-confidentialite\/#breadcrumb"},"inLanguage":"fr-CA","potentialAction":[{"@type":"ReadAction","target":["https:\/\/www.globexcourier.com\/fr\/politique-de-confidentialite\/"]}]},{"@type":"BreadcrumbList","@id":"https:\/\/www.globexcourier.com\/fr\/politique-de-confidentialite\/#breadcrumb","itemListElement":[{"@type":"ListItem","position":1,"name":"Accueil","item":"https:\/\/www.globexcourier.com\/fr\/"},{"@type":"ListItem","position":2,"name":"Politique de confidentialit\u00e9"}]},{"@type":"WebSite","@id":"https:\/\/www.globexcourier.com\/fr\/#website","url":"https:\/\/www.globexcourier.com\/fr\/","name":"Globex","description":"","publisher":{"@id":"https:\/\/www.globexcourier.com\/fr\/#organization"},"potentialAction":[{"@type":"SearchAction","target":{"@type":"EntryPoint","urlTemplate":"https:\/\/www.globexcourier.com\/fr\/?s={search_term_string}"},"query-input":{"@type":"PropertyValueSpecification","valueRequired":true,"valueName":"search_term_string"}}],"inLanguage":"fr-CA"},{"@type":"Organization","@id":"https:\/\/www.globexcourier.com\/fr\/#organization","name":"Globex","url":"https:\/\/www.globexcourier.com\/fr\/","logo":{"@type":"ImageObject","inLanguage":"fr-CA","@id":"https:\/\/www.globexcourier.com\/fr\/#\/schema\/logo\/image\/","url":"https:\/\/www.globexcourier.com\/wp-content\/uploads\/2024\/03\/Logo-bleu.svg","contentUrl":"https:\/\/www.globexcourier.com\/wp-content\/uploads\/2024\/03\/Logo-bleu.svg","caption":"Globex"},"image":{"@id":"https:\/\/www.globexcourier.com\/fr\/#\/schema\/logo\/image\/"}}]}},"_links":{"self":[{"href":"https:\/\/www.globexcourier.com\/fr\/wp-json\/wp\/v2\/pages\/245","targetHints":{"allow":["GET"]}}],"collection":[{"href":"https:\/\/www.globexcourier.com\/fr\/wp-json\/wp\/v2\/pages"}],"about":[{"href":"https:\/\/www.globexcourier.com\/fr\/wp-json\/wp\/v2\/types\/page"}],"author":[{"embeddable":true,"href":"https:\/\/www.globexcourier.com\/fr\/wp-json\/wp\/v2\/users\/4"}],"replies":[{"embeddable":true,"href":"https:\/\/www.globexcourier.com\/fr\/wp-json\/wp\/v2\/comments?post=245"}],"version-history":[{"count":3,"href":"https:\/\/www.globexcourier.com\/fr\/wp-json\/wp\/v2\/pages\/245\/revisions"}],"predecessor-version":[{"id":1256,"href":"https:\/\/www.globexcourier.com\/fr\/wp-json\/wp\/v2\/pages\/245\/revisions\/1256"}],"wp:attachment":[{"href":"https:\/\/www.globexcourier.com\/fr\/wp-json\/wp\/v2\/media?parent=245"}],"curies":[{"name":"wp","href":"https:\/\/api.w.org\/{rel}","templated":true}]}}