{"id":243,"date":"2024-03-05T11:10:05","date_gmt":"2024-03-05T16:10:05","guid":{"rendered":"https:\/\/www.globexcourier.com\/?page_id=243"},"modified":"2025-07-31T16:06:14","modified_gmt":"2025-07-31T20:06:14","slug":"globex-api","status":"publish","type":"page","link":"https:\/\/www.globexcourier.com\/fr\/globex-api\/","title":{"rendered":"Globex API"},"content":{"rendered":"\r\n    <section class=\"block block_multi ph mt\">\r\n        <div class=\"container\">\r\n            <div class=\"row\">\r\n                <div class=\"content\">\r\n                                        <h1 class=\"h2\">Globex API<\/h1>\r\n                                                            <div class=\"text intro\">\r\n                        <p>Avec l\u2019API Globex Courrier International, connectez votre boutique en ligne avec une solution d\u2019exp\u00e9dition e-commerce fiable et s\u00e9curitaire, et profitez de tarifs r\u00e9duits sur les services de transport de plusieurs compagnies\u2009!<\/p>\n                    <\/div>\r\n                                                                                                                <div class=\"link-list\">\r\n                                                                        <a class=\"btn light\" href=\"https:\/\/cloud.globexcourier.com\/CCOrdersWebAPI\/swagger\/index.html\" target=\"_blank\">API Globex de prise de commandes<span class=\"dashicons dashicons-external\"><\/span><\/a>\r\n                                                                                                            <a class=\"btn light\" href=\"https:\/\/cubishippingapi.azurewebsites.net\/swagger\/index.html\" target=\"_blank\">API pour le Commerce \u00c9lectronique<span class=\"dashicons dashicons-external\"><\/span><\/a>\r\n                                                                                                <\/div>\r\n                                                                                        <div class=\"text free-content\">\r\n                            <div class=\"logo-wrap\"><img decoding=\"async\" class=\"alignnone size-full wp-image-721\" src=\"https:\/\/www.globexcourier.com\/wp-content\/uploads\/2024\/04\/1280px-Dhl-logo-1.png\" alt=\"\" \/><img decoding=\"async\" class=\"alignnone size-full wp-image-715\" src=\"https:\/\/www.globexcourier.com\/wp-content\/uploads\/2024\/03\/fedex-express-6.svg\" alt=\"\" \/><img decoding=\"async\" class=\"alignnone size-full wp-image-717\" src=\"https:\/\/www.globexcourier.com\/wp-content\/uploads\/2024\/03\/purolator-courier-logo-2006.svg\" alt=\"\" \/><img decoding=\"async\" class=\"alignnone size-full wp-image-725\" src=\"https:\/\/www.globexcourier.com\/wp-content\/uploads\/2024\/04\/loomis-express-1.png\" alt=\"\" \/><img decoding=\"async\" class=\"alignnone size-full wp-image-725\" src=\"https:\/\/www.globexcourier.com\/wp-content\/uploads\/2024\/03\/ups.svg\" alt=\"\" \/><\/div>\n                        <\/div>\r\n                                    <\/div>\r\n            <\/div>\r\n        <\/div>\r\n    <\/section>\r\n    \n\n\r\n    <section class=\"block block_service-details ph opaque-bg\">\r\n        <div class=\"container\">\r\n            <div class=\"row\">\r\n                <div class=\"content pv\">\r\n                    <h2 class=\"h2 smaller title\">Voici comment d\u00e9buter !<\/h2>\r\n                    <div class=\"text check-list\">\r\n                          \r\n                    <\/div>\r\n                                        <div class=\"services-grid three-column\">\r\n                                                    \r\n                                <div class=\"service\">\r\n                                    <div class=\"header-wrap \">\r\n                                        <div class=\"icon\">\r\n                                            <img decoding=\"async\" src=\"https:\/\/www.globexcourier.com\/wp-content\/uploads\/2024\/03\/list-icone-1.png\" alt=\"\" \/>\r\n                                        <\/div>\r\n                                        <h3 class=\"h3\">Obtenir la documentation API<\/h3>\r\n                                    <\/div>\r\n                                    <div class=\"content-wrap\">\r\n                                        <div class=\"details\">\r\n                                            <div><p>Connectez-la \u00e0 votre compte Globex pour commencer \u00e0 recevoir des commandes.<\/p>\n<\/div>\r\n                                                                                    <\/div>\r\n                                        \r\n                                                                                <a href=\"https:\/\/cubishippingapi.azurewebsites.net\/swagger\/index.html\" class=\"btn\">Voir la documentation<\/a>\r\n                                                                            <\/div>\r\n                                <\/div>\r\n                            \r\n                                <div class=\"service\">\r\n                                    <div class=\"header-wrap \">\r\n                                        <div class=\"icon\">\r\n                                            <img decoding=\"async\" src=\"https:\/\/www.globexcourier.com\/wp-content\/uploads\/2024\/03\/truck_2.png\" alt=\"\" \/>\r\n                                        <\/div>\r\n                                        <h3 class=\"h3\">Configurez vos options d\u2019exp\u00e9dition<\/h3>\r\n                                    <\/div>\r\n                                    <div class=\"content-wrap\">\r\n                                        <div class=\"details\">\r\n                                            <div><p>L\u2019API Globex est personnalisable et vous permet de choisir les entreprises ainsi que les services d\u2019exp\u00e9dition que vous voulez offrir \u00e0 vos clients.<\/p>\n<\/div>\r\n                                                                                    <\/div>\r\n                                        \r\n                                                                                <a href=\"https:\/\/cubishippingapi.azurewebsites.net\/swagger\/index.html\" class=\"btn\">Voir la documentation<\/a>\r\n                                                                            <\/div>\r\n                                <\/div>\r\n                            \r\n                                <div class=\"service\">\r\n                                    <div class=\"header-wrap \">\r\n                                        <div class=\"icon\">\r\n                                            <img decoding=\"async\" src=\"https:\/\/www.globexcourier.com\/wp-content\/uploads\/2024\/03\/panier-icone.png\" alt=\"\" \/>\r\n                                        <\/div>\r\n                                        <h3 class=\"h3\">Traitez vos envois instantan\u00e9ment<\/h3>\r\n                                    <\/div>\r\n                                    <div class=\"content-wrap\">\r\n                                        <div class=\"details\">\r\n                                            <div><p>Aussit\u00f4t qu\u2019une transaction est conclue, vous n\u2019avez qu\u2019\u00e0 t\u00e9l\u00e9verser automatiquement toutes les informations vers le syst\u00e8me d\u2019exp\u00e9dition de Globex.<\/p>\n<\/div>\r\n                                                                                    <\/div>\r\n                                        \r\n                                                                                <a href=\"https:\/\/cubishippingapi.azurewebsites.net\/swagger\/index.html\" class=\"btn\">Voir la documentation<\/a>\r\n                                                                            <\/div>\r\n                                <\/div>\r\n                                                    <\/div>\r\n                                            <\/div>\r\n                                                        <\/div>\r\n            <\/div>\r\n        <\/div>\r\n    <\/section>\r\n    \r\n    <script>\r\n        jQuery(document).ready(function ($) {\r\n            function setHeight() {\r\n                if (window.innerWidth >= 767) {\r\n                    \r\n                    let th = [];\r\n                    let ch = [];\r\n\r\n                    \/\/ Calculate maximum content-wrap height\r\n                    $('.content-wrap .details').each(function () {\r\n                        var currentHeight = $(this).height();\r\n                        ch.push(currentHeight);\r\n                    });\r\n\r\n                    \/\/ Calculate maximum .header-wrap .h3 height\r\n                    $('.header-wrap .h3').each(function () {\r\n                        var currentHeight = $(this).height();\r\n                        th.push(currentHeight);\r\n                    });\r\n\r\n                    \/\/ set maximum height to all .content-wrap\r\n                    $('.content-wrap .details').height(Math.max.apply(null, ch));\r\n\r\n                    \/\/ set maximum height to all .header-wrap .h3\r\n                    $('.header-wrap .h3').height(Math.max.apply(null, th));\r\n\r\n                } else {\r\n                    $('.content-wrap .details').height('auto');\r\n                    $('.header-wrap .h3').height('auto');\r\n                }\r\n            }\r\n            setHeight();\r\n            $(window).resize(function () {\r\n                setHeight();\r\n            });\r\n        });\r\n        \r\n    <\/script>\r\n    \n\n\r\n    <section class=\"block block_cta-bottom ph\" style=\"background-image: url(https:\/\/www.globexcourier.com\/wp-content\/uploads\/2024\/03\/background-cta.jpg);\">\r\n        <div class=\"container\">\r\n            <div class=\"row\">\r\n                <div class=\"content\">\r\n                    <h2 class=\"h2 title\">Choisir l\u2019API globex, c\u2019est aussi profiter du soutien de sp\u00e9cialistes de la livraison<\/h2>\r\n                    <div class=\"text\"><p><b>Si l\u2019implantation d\u2019une solution d\u2019exp\u00e9dition e-commerce vous semble complexe, ne vous inqui\u00e9tez pas, l\u2019\u00e9quipe de Globex est l\u00e0 pour vous aider.<\/b><\/p>\n<p>Que vous ayez besoin d\u2019aide pour installer et configurer l\u2019API sur votre boutique en ligne, ou des difficult\u00e9s li\u00e9es \u00e0 son utilisation, un responsable sera en mesure de vous assister jusqu\u2019\u00e0 ce que le probl\u00e8me soit r\u00e9solu. Vous pourrez m\u00eame profiter de conseils personnalis\u00e9s qui vous permettront de tirer le meilleur de votre API\u2009!<\/p>\n<p>Alors, si vous avez des doutes quant \u00e0 la compatibilit\u00e9 de l\u2019API Globex avec votre boutique en ligne ou si vous voulez en savoir plus sur les avantages de cette solution de livraison, contactez Globex Courrier International d\u00e8s maintenant\u2009!<\/p>\n<\/div>\r\n                    <div class=\"cta\">\r\n                        <a href=\"https:\/\/www.globexcourier.com\/fr\/contact\/\" class=\"btn\">Contactez un expert Globex<\/a>\r\n                        <a href=\"tel:18003592111\" class=\"phone-number info-text\">1-800-359-2111<\/a>\r\n                    <\/div>\r\n                <\/div>\r\n            <\/div>\r\n        <\/div>\r\n    <\/section>\r\n    ","protected":false},"excerpt":{"rendered":"","protected":false},"author":4,"featured_media":0,"parent":0,"menu_order":0,"comment_status":"closed","ping_status":"closed","template":"page-service.php","meta":{"_acf_changed":false,"footnotes":""},"class_list":["post-243","page","type-page","status-publish","hentry"],"acf":[],"yoast_head":"<!-- This site is optimized with the Yoast SEO plugin v27.3 - https:\/\/yoast.com\/product\/yoast-seo-wordpress\/ -->\n<title>API Globex | Solution d\u2019exp\u00e9dition e-commerce<\/title>\n<meta name=\"description\" content=\"Avec l\u2019API Globex Courrier International, connectez votre boutique en ligne avec une solution d\u2019exp\u00e9dition e-commerce fiable et s\u00e9curitaire.\" \/>\n<meta name=\"robots\" content=\"index, follow, max-snippet:-1, max-image-preview:large, max-video-preview:-1\" \/>\n<link rel=\"canonical\" href=\"https:\/\/www.globexcourier.com\/fr\/globex-api\/\" \/>\n<meta property=\"og:locale\" content=\"fr_CA\" \/>\n<meta property=\"og:type\" content=\"article\" \/>\n<meta property=\"og:title\" content=\"API Globex | Solution d\u2019exp\u00e9dition e-commerce\" \/>\n<meta property=\"og:description\" content=\"Avec l\u2019API Globex Courrier International, connectez votre boutique en ligne avec une solution d\u2019exp\u00e9dition e-commerce fiable et s\u00e9curitaire.\" \/>\n<meta property=\"og:url\" content=\"https:\/\/www.globexcourier.com\/fr\/globex-api\/\" \/>\n<meta property=\"og:site_name\" content=\"Globex\" \/>\n<meta property=\"article:modified_time\" content=\"2025-07-31T20:06:14+00:00\" \/>\n<meta property=\"og:image\" content=\"https:\/\/www.globexcourier.com\/wp-content\/uploads\/2024\/03\/globex-image.jpg\" \/>\n\t<meta property=\"og:image:width\" content=\"840\" \/>\n\t<meta property=\"og:image:height\" content=\"840\" \/>\n\t<meta property=\"og:image:type\" content=\"image\/jpeg\" \/>\n<meta name=\"twitter:card\" content=\"summary_large_image\" \/>\n<script type=\"application\/ld+json\" class=\"yoast-schema-graph\">{\"@context\":\"https:\\\/\\\/schema.org\",\"@graph\":[{\"@type\":\"WebPage\",\"@id\":\"https:\\\/\\\/www.globexcourier.com\\\/fr\\\/globex-api\\\/\",\"url\":\"https:\\\/\\\/www.globexcourier.com\\\/fr\\\/globex-api\\\/\",\"name\":\"API Globex | Solution d\u2019exp\u00e9dition e-commerce\",\"isPartOf\":{\"@id\":\"https:\\\/\\\/www.globexcourier.com\\\/fr\\\/#website\"},\"datePublished\":\"2024-03-05T16:10:05+00:00\",\"dateModified\":\"2025-07-31T20:06:14+00:00\",\"description\":\"Avec l\u2019API Globex Courrier International, connectez votre boutique en ligne avec une solution d\u2019exp\u00e9dition e-commerce fiable et s\u00e9curitaire.\",\"breadcrumb\":{\"@id\":\"https:\\\/\\\/www.globexcourier.com\\\/fr\\\/globex-api\\\/#breadcrumb\"},\"inLanguage\":\"fr-CA\",\"potentialAction\":[{\"@type\":\"ReadAction\",\"target\":[\"https:\\\/\\\/www.globexcourier.com\\\/fr\\\/globex-api\\\/\"]}]},{\"@type\":\"BreadcrumbList\",\"@id\":\"https:\\\/\\\/www.globexcourier.com\\\/fr\\\/globex-api\\\/#breadcrumb\",\"itemListElement\":[{\"@type\":\"ListItem\",\"position\":1,\"name\":\"Accueil\",\"item\":\"https:\\\/\\\/www.globexcourier.com\\\/fr\\\/\"},{\"@type\":\"ListItem\",\"position\":2,\"name\":\"Globex API\"}]},{\"@type\":\"WebSite\",\"@id\":\"https:\\\/\\\/www.globexcourier.com\\\/fr\\\/#website\",\"url\":\"https:\\\/\\\/www.globexcourier.com\\\/fr\\\/\",\"name\":\"Globex\",\"description\":\"\",\"publisher\":{\"@id\":\"https:\\\/\\\/www.globexcourier.com\\\/fr\\\/#organization\"},\"potentialAction\":[{\"@type\":\"SearchAction\",\"target\":{\"@type\":\"EntryPoint\",\"urlTemplate\":\"https:\\\/\\\/www.globexcourier.com\\\/fr\\\/?s={search_term_string}\"},\"query-input\":{\"@type\":\"PropertyValueSpecification\",\"valueRequired\":true,\"valueName\":\"search_term_string\"}}],\"inLanguage\":\"fr-CA\"},{\"@type\":\"Organization\",\"@id\":\"https:\\\/\\\/www.globexcourier.com\\\/fr\\\/#organization\",\"name\":\"Globex\",\"url\":\"https:\\\/\\\/www.globexcourier.com\\\/fr\\\/\",\"logo\":{\"@type\":\"ImageObject\",\"inLanguage\":\"fr-CA\",\"@id\":\"https:\\\/\\\/www.globexcourier.com\\\/fr\\\/#\\\/schema\\\/logo\\\/image\\\/\",\"url\":\"https:\\\/\\\/www.globexcourier.com\\\/wp-content\\\/uploads\\\/2024\\\/03\\\/Logo-bleu.svg\",\"contentUrl\":\"https:\\\/\\\/www.globexcourier.com\\\/wp-content\\\/uploads\\\/2024\\\/03\\\/Logo-bleu.svg\",\"caption\":\"Globex\"},\"image\":{\"@id\":\"https:\\\/\\\/www.globexcourier.com\\\/fr\\\/#\\\/schema\\\/logo\\\/image\\\/\"}}]}<\/script>\n<!-- \/ Yoast SEO plugin. -->","yoast_head_json":{"title":"API Globex | Solution d\u2019exp\u00e9dition e-commerce","description":"Avec l\u2019API Globex Courrier International, connectez votre boutique en ligne avec une solution d\u2019exp\u00e9dition e-commerce fiable et s\u00e9curitaire.","robots":{"index":"index","follow":"follow","max-snippet":"max-snippet:-1","max-image-preview":"max-image-preview:large","max-video-preview":"max-video-preview:-1"},"canonical":"https:\/\/www.globexcourier.com\/fr\/globex-api\/","og_locale":"fr_CA","og_type":"article","og_title":"API Globex | Solution d\u2019exp\u00e9dition e-commerce","og_description":"Avec l\u2019API Globex Courrier International, connectez votre boutique en ligne avec une solution d\u2019exp\u00e9dition e-commerce fiable et s\u00e9curitaire.","og_url":"https:\/\/www.globexcourier.com\/fr\/globex-api\/","og_site_name":"Globex","article_modified_time":"2025-07-31T20:06:14+00:00","og_image":[{"width":840,"height":840,"url":"https:\/\/www.globexcourier.com\/wp-content\/uploads\/2024\/03\/globex-image.jpg","type":"image\/jpeg"}],"twitter_card":"summary_large_image","schema":{"@context":"https:\/\/schema.org","@graph":[{"@type":"WebPage","@id":"https:\/\/www.globexcourier.com\/fr\/globex-api\/","url":"https:\/\/www.globexcourier.com\/fr\/globex-api\/","name":"API Globex | Solution d\u2019exp\u00e9dition e-commerce","isPartOf":{"@id":"https:\/\/www.globexcourier.com\/fr\/#website"},"datePublished":"2024-03-05T16:10:05+00:00","dateModified":"2025-07-31T20:06:14+00:00","description":"Avec l\u2019API Globex Courrier International, connectez votre boutique en ligne avec une solution d\u2019exp\u00e9dition e-commerce fiable et s\u00e9curitaire.","breadcrumb":{"@id":"https:\/\/www.globexcourier.com\/fr\/globex-api\/#breadcrumb"},"inLanguage":"fr-CA","potentialAction":[{"@type":"ReadAction","target":["https:\/\/www.globexcourier.com\/fr\/globex-api\/"]}]},{"@type":"BreadcrumbList","@id":"https:\/\/www.globexcourier.com\/fr\/globex-api\/#breadcrumb","itemListElement":[{"@type":"ListItem","position":1,"name":"Accueil","item":"https:\/\/www.globexcourier.com\/fr\/"},{"@type":"ListItem","position":2,"name":"Globex API"}]},{"@type":"WebSite","@id":"https:\/\/www.globexcourier.com\/fr\/#website","url":"https:\/\/www.globexcourier.com\/fr\/","name":"Globex","description":"","publisher":{"@id":"https:\/\/www.globexcourier.com\/fr\/#organization"},"potentialAction":[{"@type":"SearchAction","target":{"@type":"EntryPoint","urlTemplate":"https:\/\/www.globexcourier.com\/fr\/?s={search_term_string}"},"query-input":{"@type":"PropertyValueSpecification","valueRequired":true,"valueName":"search_term_string"}}],"inLanguage":"fr-CA"},{"@type":"Organization","@id":"https:\/\/www.globexcourier.com\/fr\/#organization","name":"Globex","url":"https:\/\/www.globexcourier.com\/fr\/","logo":{"@type":"ImageObject","inLanguage":"fr-CA","@id":"https:\/\/www.globexcourier.com\/fr\/#\/schema\/logo\/image\/","url":"https:\/\/www.globexcourier.com\/wp-content\/uploads\/2024\/03\/Logo-bleu.svg","contentUrl":"https:\/\/www.globexcourier.com\/wp-content\/uploads\/2024\/03\/Logo-bleu.svg","caption":"Globex"},"image":{"@id":"https:\/\/www.globexcourier.com\/fr\/#\/schema\/logo\/image\/"}}]}},"_links":{"self":[{"href":"https:\/\/www.globexcourier.com\/fr\/wp-json\/wp\/v2\/pages\/243","targetHints":{"allow":["GET"]}}],"collection":[{"href":"https:\/\/www.globexcourier.com\/fr\/wp-json\/wp\/v2\/pages"}],"about":[{"href":"https:\/\/www.globexcourier.com\/fr\/wp-json\/wp\/v2\/types\/page"}],"author":[{"embeddable":true,"href":"https:\/\/www.globexcourier.com\/fr\/wp-json\/wp\/v2\/users\/4"}],"replies":[{"embeddable":true,"href":"https:\/\/www.globexcourier.com\/fr\/wp-json\/wp\/v2\/comments?post=243"}],"version-history":[{"count":14,"href":"https:\/\/www.globexcourier.com\/fr\/wp-json\/wp\/v2\/pages\/243\/revisions"}],"predecessor-version":[{"id":2402,"href":"https:\/\/www.globexcourier.com\/fr\/wp-json\/wp\/v2\/pages\/243\/revisions\/2402"}],"wp:attachment":[{"href":"https:\/\/www.globexcourier.com\/fr\/wp-json\/wp\/v2\/media?parent=243"}],"curies":[{"name":"wp","href":"https:\/\/api.w.org\/{rel}","templated":true}]}}