{"id":233,"date":"2024-03-05T11:08:15","date_gmt":"2024-03-05T16:08:15","guid":{"rendered":"https:\/\/www.globexcourier.com\/?page_id=233"},"modified":"2025-07-31T15:10:37","modified_gmt":"2025-07-31T19:10:37","slug":"services-au-canada","status":"publish","type":"page","link":"https:\/\/www.globexcourier.com\/fr\/services\/services-au-canada\/","title":{"rendered":"Services au Canada"},"content":{"rendered":"\r\n    <section class=\"intro-section block block-introduction ph\">\r\n        <div class=\"row\">\r\n            <div class=\"container\">\r\n                <div class=\"intro-content\">\r\n                                        <h1 class=\"intro-title h2\">Service de livraison de colis au Canada<\/h1>\r\n                                                            <div class=\"intro-text text\"><p>Globex Courrier Express International assure la collecte et la livraison de vos documents et colis urgents dans toutes les villes et r\u00e9gions du Canada, selon vos horaires. Notre offre, d\u00e9di\u00e9e au march\u00e9 canadien, r\u00e9pondra aux attentes des clients les plus exigeants, garantissant s\u00e9curit\u00e9, fiabilit\u00e9 et rapidit\u00e9.<\/p>\n<\/div>\r\n                                                        <\/div>\r\n            <\/div>\r\n        <\/div>\r\n    <\/section>\r\n    \n\n\r\n    <section class=\"block block_service-details ph\">\r\n        <div class=\"container\">\r\n            <div class=\"row\">\r\n                <div class=\"content pv\">\r\n                    <h2 class=\"h2 smaller title\">Nos services de transports express au Canada <\/h2>\r\n                    <div class=\"text check-list\">\r\n                        <p>D\u00e9couvrez le summum du transport express de colis partout au Canada avec Globex Courrier. Chaque transporteur de notre \u00e9quipe d\u00e9di\u00e9e assure un d\u00e9lai de livraison rapide et un service d&rsquo;exp\u00e9dition au Canada fiable pour tous les envois, allant des\u00a0colis volumineux aux\u00a0<a href=\"https:\/\/www.globexcourier.com\/fr\/services\/service-de-livraison-mondial-doeuvres-dart\/\">transports d\u2019\u0153uvre d\u2019art<\/a>. B\u00e9n\u00e9ficiez de notre excellence en service client et de tarifs comp\u00e9titifs. Que vous souhaitiez\u00a0<a href=\"https:\/\/www.globexcourier.com\/fr\/services\/livraison-express-montreal\/\">envoyer vos colis \u00e0 Montr\u00e9al<\/a>, \u00e0 Qu\u00e9bec ou dans une autre province du Canada Globex Courrier est la solution adapt\u00e9e, accessible dans tout le Canada pour la livraison de colis partout. D\u00e9couvrez les services de livraison de Globex Courrier!<\/p>\n  \r\n                    <\/div>\r\n                                        <div class=\"services-grid two-column\">\r\n                                                    \r\n                                <div class=\"service\">\r\n                                    <div class=\"header-wrap \">\r\n                                        <div class=\"icon\">\r\n                                            <img decoding=\"async\" src=\"https:\/\/www.globexcourier.com\/wp-content\/uploads\/2024\/03\/place.png\" alt=\"\" \/>\r\n                                        <\/div>\r\n                                        <h3 class=\"h3\">Services de livraison garantis<\/h3>\r\n                                    <\/div>\r\n                                    <div class=\"content-wrap\">\r\n                                        <div class=\"details\">\r\n                                            <div><p>Avant de choisir l\u2019un de nos services garantis, assurez-vous de leur disponibilit\u00e9 pour votre destination en contactant notre service client\u00e8le. Nos options comprennent :<\/p>\n<ul>\n<li>12h le lendemain (jour ouvrable)*<\/li>\n<li>10h30 le lendemain (jour ouvrable)*<\/li>\n<li>9h le lendemain (jour ouvrable)<\/li>\n<li>Service de livraison disponible le samedi.<\/li>\n<li>Satisfaction garantie ou rembours\u00e9e.<\/li>\n<\/ul>\n<\/div>\r\n                                                                                    <\/div>\r\n                                        \r\n                                                                                <a href=\"https:\/\/www.globexcourier.com\/fr\/rates\/\" class=\"btn\">Estimation gratuite<\/a>\r\n                                                                            <\/div>\r\n                                <\/div>\r\n                            \r\n                                <div class=\"service\">\r\n                                    <div class=\"header-wrap \">\r\n                                        <div class=\"icon\">\r\n                                            <img decoding=\"async\" src=\"https:\/\/www.globexcourier.com\/wp-content\/uploads\/2024\/03\/truck_2.png\" alt=\"\" \/>\r\n                                        <\/div>\r\n                                        <h3 class=\"h3\">Service de livraison express <br>(17h lendemain jour ouvrable)<\/h3>\r\n                                    <\/div>\r\n                                    <div class=\"content-wrap\">\r\n                                        <div class=\"details\">\r\n                                            <div><p>Ce service vous offre une livraison le lendemain, jour ouvrable, avant 17h dans la plupart des villes canadiennes.<\/p>\n<p>B\u00e9n\u00e9ficiez d\u2019une livraison rapide \u00e0 un prix tr\u00e8s \u00e9conomique.<\/p>\n<\/div>\r\n                                                                                    <\/div>\r\n                                        \r\n                                                                                <a href=\"https:\/\/www.globexcourier.com\/fr\/rates\/\" class=\"btn\">Estimation gratuite<\/a>\r\n                                                                            <\/div>\r\n                                <\/div>\r\n                            \r\n                                <div class=\"service\">\r\n                                    <div class=\"header-wrap \">\r\n                                        <div class=\"icon\">\r\n                                            <img decoding=\"async\" src=\"https:\/\/www.globexcourier.com\/wp-content\/uploads\/2024\/03\/truck_1.png\" alt=\"\" \/>\r\n                                        <\/div>\r\n                                        <h3 class=\"h3\">Service de livraison terrestre<\/h3>\r\n                                    <\/div>\r\n                                    <div class=\"content-wrap\">\r\n                                        <div class=\"details\">\r\n                                            <div><p>Notre service de livraison terrestre, faisant partie de nos solutions les plus \u00e9conomiques, vous offre s\u00e9curit\u00e9 et fiabilit\u00e9 pour vos <a href=\"https:\/\/www.globexcourier.com\/fr\/services\/services-au-canada\/\">envois de colis au Canada<\/a><\/p>\n<\/div>\r\n                                                                                    <\/div>\r\n                                        \r\n                                                                                <a href=\"https:\/\/www.globexcourier.com\/fr\/rates\/\" class=\"btn\">Estimation gratuite<\/a>\r\n                                                                            <\/div>\r\n                                <\/div>\r\n                            \r\n                                <div class=\"service\">\r\n                                    <div class=\"header-wrap \">\r\n                                        <div class=\"icon\">\r\n                                            <img decoding=\"async\" src=\"https:\/\/www.globexcourier.com\/wp-content\/uploads\/2024\/03\/time.png\" alt=\"\" \/>\r\n                                        <\/div>\r\n                                        <h3 class=\"h3\">Service de port d\u00fb<\/h3>\r\n                                    <\/div>\r\n                                    <div class=\"content-wrap\">\r\n                                        <div class=\"details\">\r\n                                            <div><p>Ce service vous permet d\u2019offrir \u00e0 vos partenaires Canadiens, la possibilit\u00e9 de vous envoyer des documents et colis en portant les frais d\u2019exp\u00e9dition \u00e0 votre compte.<\/p>\n<\/div>\r\n                                                                                    <\/div>\r\n                                        \r\n                                                                                <a href=\"https:\/\/www.globexcourier.com\/fr\/rates\/\" class=\"btn\">Estimation gratuite<\/a>\r\n                                                                            <\/div>\r\n                                <\/div>\r\n                                                    <\/div>\r\n                                            <\/div>\r\n                                                        <\/div>\r\n            <\/div>\r\n        <\/div>\r\n    <\/section>\r\n    \r\n    <script>\r\n        jQuery(document).ready(function ($) {\r\n            function setHeight() {\r\n                if (window.innerWidth >= 767) {\r\n                    \r\n                    let th = [];\r\n                    let ch = [];\r\n\r\n                    \/\/ Calculate maximum content-wrap height\r\n                    $('.content-wrap .details').each(function () {\r\n                        var currentHeight = $(this).height();\r\n                        ch.push(currentHeight);\r\n                    });\r\n\r\n                    \/\/ Calculate maximum .header-wrap .h3 height\r\n                    $('.header-wrap .h3').each(function () {\r\n                        var currentHeight = $(this).height();\r\n                        th.push(currentHeight);\r\n                    });\r\n\r\n                    \/\/ set maximum height to all .content-wrap\r\n                    $('.content-wrap .details').height(Math.max.apply(null, ch));\r\n\r\n                    \/\/ set maximum height to all .header-wrap .h3\r\n                    $('.header-wrap .h3').height(Math.max.apply(null, th));\r\n\r\n                } else {\r\n                    $('.content-wrap .details').height('auto');\r\n                    $('.header-wrap .h3').height('auto');\r\n                }\r\n            }\r\n            setHeight();\r\n            $(window).resize(function () {\r\n                setHeight();\r\n            });\r\n        });\r\n        \r\n    <\/script>\r\n    \n\n\r\n    <section class=\"block block_service-details ph opaque-bg\">\r\n        <div class=\"container\">\r\n            <div class=\"row\">\r\n                <div class=\"content pv\">\r\n                    <h2 class=\"h2 smaller title\">Comment envoyer un colis au Canada avec Globex Courrier Express International\u2009?<\/h2>\r\n                    <div class=\"text check-list\">\r\n                        <p>Connectez-vous \u00e0 votre compte client sur le <a href=\"https:\/\/cloud.globexcourier.com\/CCWeb4\/Login\/index\">portail de Globex<\/a> ou contactez notre service client au <a href=\"tel:514-739-7977\">514-739-7977<\/a> ou <a href=\"tel:800-359-2111\">1-800-359-2111<\/a>\u00a0pour obtenir des informations.<\/p>\n<p>Un conseiller cr\u00e9era votre compte et enregistrera votre commande, vous fournissant un num\u00e9ro de suivi afin de l\u2019exp\u00e9dier.<\/p>\n<p>Votre colis sera rapidement pris en charge par un livreur pour un envoi ponctuel. Enfin, suivez la livraison de votre colis et consultez le nom du signataire \u00e0 la r\u00e9ception.<\/p>\n<p>Avec Globex Courrier Express International, l\u2019envoi de colis au Canada est simplifi\u00e9, rapide et fiable.<\/p>\n  \r\n                    <\/div>\r\n                                                        <\/div>\r\n            <\/div>\r\n        <\/div>\r\n    <\/section>\r\n    \r\n    <script>\r\n        jQuery(document).ready(function ($) {\r\n            function setHeight() {\r\n                if (window.innerWidth >= 767) {\r\n                    \r\n                    let th = [];\r\n                    let ch = [];\r\n\r\n                    \/\/ Calculate maximum content-wrap height\r\n                    $('.content-wrap .details').each(function () {\r\n                        var currentHeight = $(this).height();\r\n                        ch.push(currentHeight);\r\n                    });\r\n\r\n                    \/\/ Calculate maximum .header-wrap .h3 height\r\n                    $('.header-wrap .h3').each(function () {\r\n                        var currentHeight = $(this).height();\r\n                        th.push(currentHeight);\r\n                    });\r\n\r\n                    \/\/ set maximum height to all .content-wrap\r\n                    $('.content-wrap .details').height(Math.max.apply(null, ch));\r\n\r\n                    \/\/ set maximum height to all .header-wrap .h3\r\n                    $('.header-wrap .h3').height(Math.max.apply(null, th));\r\n\r\n                } else {\r\n                    $('.content-wrap .details').height('auto');\r\n                    $('.header-wrap .h3').height('auto');\r\n                }\r\n            }\r\n            setHeight();\r\n            $(window).resize(function () {\r\n                setHeight();\r\n            });\r\n        });\r\n        \r\n    <\/script>\r\n    \n\n\r\n    <section class=\"block block_cta-bottom ph\" style=\"background-image: url(https:\/\/www.globexcourier.com\/wp-content\/uploads\/2024\/03\/background-cta.jpg);\">\r\n        <div class=\"container\">\r\n            <div class=\"row\">\r\n                <div class=\"content\">\r\n                    <h2 class=\"h2 title\">Contactez nos experts en livraison express au Canada<\/h2>\r\n                    <div class=\"text\"><p>Pour d\u00e9couvrir la solution parfaite pour vos envois, parlez \u00e0 nos conseillers sp\u00e9cialis\u00e9s chez Globex Courrier Express International. Que ce soit pour des <a href=\"https:\/\/www.globexcourier.com\/fr\/services\/livraison-colis-international\/\">livraisons internationales<\/a> ou locales, nous offrons une gamme compl\u00e8te de services express adapt\u00e9s \u00e0 vos besoins. Faites confiance \u00e0 notre expertise pour une exp\u00e9rience de livraison sans souci. Contactez-nous et laissez-nous simplifier vos exp\u00e9ditions partout au Canada et au-del\u00e0.<\/p>\n<\/div>\r\n                    <div class=\"cta\">\r\n                        <a href=\"https:\/\/www.globexcourier.com\/fr\/contact\/\" class=\"btn\">Contactez-nous<\/a>\r\n                        <a href=\"tel:18003592111\" class=\"phone-number info-text\">1-800-359-2111<\/a>\r\n                    <\/div>\r\n                <\/div>\r\n            <\/div>\r\n        <\/div>\r\n    <\/section>\r\n    ","protected":false},"excerpt":{"rendered":"","protected":false},"author":4,"featured_media":0,"parent":58,"menu_order":0,"comment_status":"closed","ping_status":"closed","template":"page-service.php","meta":{"_acf_changed":false,"footnotes":""},"class_list":["post-233","page","type-page","status-publish","hentry"],"acf":[],"yoast_head":"<!-- This site is optimized with the Yoast SEO plugin v27.3 - https:\/\/yoast.com\/product\/yoast-seo-wordpress\/ -->\n<title>Service de livraison de colis au Canada | Globex Courrier<\/title>\n<meta name=\"description\" content=\"Vous cherchez un service de livraison au Canada\u2009? Globex Courrier Express International vous offre une large gamme de services de livraison.\" \/>\n<meta name=\"robots\" content=\"index, follow, max-snippet:-1, max-image-preview:large, max-video-preview:-1\" \/>\n<link rel=\"canonical\" href=\"https:\/\/www.globexcourier.com\/fr\/services\/services-au-canada\/\" \/>\n<meta property=\"og:locale\" content=\"fr_CA\" \/>\n<meta property=\"og:type\" content=\"article\" \/>\n<meta property=\"og:title\" content=\"Service de livraison de colis au Canada | Globex Courrier\" \/>\n<meta property=\"og:description\" content=\"Vous cherchez un service de livraison au Canada\u2009? Globex Courrier Express International vous offre une large gamme de services de livraison.\" \/>\n<meta property=\"og:url\" content=\"https:\/\/www.globexcourier.com\/fr\/services\/services-au-canada\/\" \/>\n<meta property=\"og:site_name\" content=\"Globex\" \/>\n<meta property=\"article:modified_time\" content=\"2025-07-31T19:10:37+00:00\" \/>\n<meta property=\"og:image\" content=\"https:\/\/www.globexcourier.com\/wp-content\/uploads\/2024\/03\/globex-image.jpg\" \/>\n\t<meta property=\"og:image:width\" content=\"840\" \/>\n\t<meta property=\"og:image:height\" content=\"840\" \/>\n\t<meta property=\"og:image:type\" content=\"image\/jpeg\" \/>\n<meta name=\"twitter:card\" content=\"summary_large_image\" \/>\n<script type=\"application\/ld+json\" class=\"yoast-schema-graph\">{\"@context\":\"https:\\\/\\\/schema.org\",\"@graph\":[{\"@type\":\"WebPage\",\"@id\":\"https:\\\/\\\/www.globexcourier.com\\\/fr\\\/services\\\/services-au-canada\\\/\",\"url\":\"https:\\\/\\\/www.globexcourier.com\\\/fr\\\/services\\\/services-au-canada\\\/\",\"name\":\"Service de livraison de colis au Canada | Globex Courrier\",\"isPartOf\":{\"@id\":\"https:\\\/\\\/www.globexcourier.com\\\/fr\\\/#website\"},\"datePublished\":\"2024-03-05T16:08:15+00:00\",\"dateModified\":\"2025-07-31T19:10:37+00:00\",\"description\":\"Vous cherchez un service de livraison au Canada\u2009? Globex Courrier Express International vous offre une large gamme de services de livraison.\",\"breadcrumb\":{\"@id\":\"https:\\\/\\\/www.globexcourier.com\\\/fr\\\/services\\\/services-au-canada\\\/#breadcrumb\"},\"inLanguage\":\"fr-CA\",\"potentialAction\":[{\"@type\":\"ReadAction\",\"target\":[\"https:\\\/\\\/www.globexcourier.com\\\/fr\\\/services\\\/services-au-canada\\\/\"]}]},{\"@type\":\"BreadcrumbList\",\"@id\":\"https:\\\/\\\/www.globexcourier.com\\\/fr\\\/services\\\/services-au-canada\\\/#breadcrumb\",\"itemListElement\":[{\"@type\":\"ListItem\",\"position\":1,\"name\":\"Accueil\",\"item\":\"https:\\\/\\\/www.globexcourier.com\\\/fr\\\/\"},{\"@type\":\"ListItem\",\"position\":2,\"name\":\"Services\",\"item\":\"https:\\\/\\\/www.globexcourier.com\\\/fr\\\/services\\\/\"},{\"@type\":\"ListItem\",\"position\":3,\"name\":\"Services au Canada\"}]},{\"@type\":\"WebSite\",\"@id\":\"https:\\\/\\\/www.globexcourier.com\\\/fr\\\/#website\",\"url\":\"https:\\\/\\\/www.globexcourier.com\\\/fr\\\/\",\"name\":\"Globex\",\"description\":\"\",\"publisher\":{\"@id\":\"https:\\\/\\\/www.globexcourier.com\\\/fr\\\/#organization\"},\"potentialAction\":[{\"@type\":\"SearchAction\",\"target\":{\"@type\":\"EntryPoint\",\"urlTemplate\":\"https:\\\/\\\/www.globexcourier.com\\\/fr\\\/?s={search_term_string}\"},\"query-input\":{\"@type\":\"PropertyValueSpecification\",\"valueRequired\":true,\"valueName\":\"search_term_string\"}}],\"inLanguage\":\"fr-CA\"},{\"@type\":\"Organization\",\"@id\":\"https:\\\/\\\/www.globexcourier.com\\\/fr\\\/#organization\",\"name\":\"Globex\",\"url\":\"https:\\\/\\\/www.globexcourier.com\\\/fr\\\/\",\"logo\":{\"@type\":\"ImageObject\",\"inLanguage\":\"fr-CA\",\"@id\":\"https:\\\/\\\/www.globexcourier.com\\\/fr\\\/#\\\/schema\\\/logo\\\/image\\\/\",\"url\":\"https:\\\/\\\/www.globexcourier.com\\\/wp-content\\\/uploads\\\/2024\\\/03\\\/Logo-bleu.svg\",\"contentUrl\":\"https:\\\/\\\/www.globexcourier.com\\\/wp-content\\\/uploads\\\/2024\\\/03\\\/Logo-bleu.svg\",\"caption\":\"Globex\"},\"image\":{\"@id\":\"https:\\\/\\\/www.globexcourier.com\\\/fr\\\/#\\\/schema\\\/logo\\\/image\\\/\"}}]}<\/script>\n<!-- \/ Yoast SEO plugin. -->","yoast_head_json":{"title":"Service de livraison de colis au Canada | Globex Courrier","description":"Vous cherchez un service de livraison au Canada\u2009? Globex Courrier Express International vous offre une large gamme de services de livraison.","robots":{"index":"index","follow":"follow","max-snippet":"max-snippet:-1","max-image-preview":"max-image-preview:large","max-video-preview":"max-video-preview:-1"},"canonical":"https:\/\/www.globexcourier.com\/fr\/services\/services-au-canada\/","og_locale":"fr_CA","og_type":"article","og_title":"Service de livraison de colis au Canada | Globex Courrier","og_description":"Vous cherchez un service de livraison au Canada\u2009? Globex Courrier Express International vous offre une large gamme de services de livraison.","og_url":"https:\/\/www.globexcourier.com\/fr\/services\/services-au-canada\/","og_site_name":"Globex","article_modified_time":"2025-07-31T19:10:37+00:00","og_image":[{"width":840,"height":840,"url":"https:\/\/www.globexcourier.com\/wp-content\/uploads\/2024\/03\/globex-image.jpg","type":"image\/jpeg"}],"twitter_card":"summary_large_image","schema":{"@context":"https:\/\/schema.org","@graph":[{"@type":"WebPage","@id":"https:\/\/www.globexcourier.com\/fr\/services\/services-au-canada\/","url":"https:\/\/www.globexcourier.com\/fr\/services\/services-au-canada\/","name":"Service de livraison de colis au Canada | Globex Courrier","isPartOf":{"@id":"https:\/\/www.globexcourier.com\/fr\/#website"},"datePublished":"2024-03-05T16:08:15+00:00","dateModified":"2025-07-31T19:10:37+00:00","description":"Vous cherchez un service de livraison au Canada\u2009? Globex Courrier Express International vous offre une large gamme de services de livraison.","breadcrumb":{"@id":"https:\/\/www.globexcourier.com\/fr\/services\/services-au-canada\/#breadcrumb"},"inLanguage":"fr-CA","potentialAction":[{"@type":"ReadAction","target":["https:\/\/www.globexcourier.com\/fr\/services\/services-au-canada\/"]}]},{"@type":"BreadcrumbList","@id":"https:\/\/www.globexcourier.com\/fr\/services\/services-au-canada\/#breadcrumb","itemListElement":[{"@type":"ListItem","position":1,"name":"Accueil","item":"https:\/\/www.globexcourier.com\/fr\/"},{"@type":"ListItem","position":2,"name":"Services","item":"https:\/\/www.globexcourier.com\/fr\/services\/"},{"@type":"ListItem","position":3,"name":"Services au Canada"}]},{"@type":"WebSite","@id":"https:\/\/www.globexcourier.com\/fr\/#website","url":"https:\/\/www.globexcourier.com\/fr\/","name":"Globex","description":"","publisher":{"@id":"https:\/\/www.globexcourier.com\/fr\/#organization"},"potentialAction":[{"@type":"SearchAction","target":{"@type":"EntryPoint","urlTemplate":"https:\/\/www.globexcourier.com\/fr\/?s={search_term_string}"},"query-input":{"@type":"PropertyValueSpecification","valueRequired":true,"valueName":"search_term_string"}}],"inLanguage":"fr-CA"},{"@type":"Organization","@id":"https:\/\/www.globexcourier.com\/fr\/#organization","name":"Globex","url":"https:\/\/www.globexcourier.com\/fr\/","logo":{"@type":"ImageObject","inLanguage":"fr-CA","@id":"https:\/\/www.globexcourier.com\/fr\/#\/schema\/logo\/image\/","url":"https:\/\/www.globexcourier.com\/wp-content\/uploads\/2024\/03\/Logo-bleu.svg","contentUrl":"https:\/\/www.globexcourier.com\/wp-content\/uploads\/2024\/03\/Logo-bleu.svg","caption":"Globex"},"image":{"@id":"https:\/\/www.globexcourier.com\/fr\/#\/schema\/logo\/image\/"}}]}},"_links":{"self":[{"href":"https:\/\/www.globexcourier.com\/fr\/wp-json\/wp\/v2\/pages\/233","targetHints":{"allow":["GET"]}}],"collection":[{"href":"https:\/\/www.globexcourier.com\/fr\/wp-json\/wp\/v2\/pages"}],"about":[{"href":"https:\/\/www.globexcourier.com\/fr\/wp-json\/wp\/v2\/types\/page"}],"author":[{"embeddable":true,"href":"https:\/\/www.globexcourier.com\/fr\/wp-json\/wp\/v2\/users\/4"}],"replies":[{"embeddable":true,"href":"https:\/\/www.globexcourier.com\/fr\/wp-json\/wp\/v2\/comments?post=233"}],"version-history":[{"count":12,"href":"https:\/\/www.globexcourier.com\/fr\/wp-json\/wp\/v2\/pages\/233\/revisions"}],"predecessor-version":[{"id":2302,"href":"https:\/\/www.globexcourier.com\/fr\/wp-json\/wp\/v2\/pages\/233\/revisions\/2302"}],"up":[{"embeddable":true,"href":"https:\/\/www.globexcourier.com\/fr\/wp-json\/wp\/v2\/pages\/58"}],"wp:attachment":[{"href":"https:\/\/www.globexcourier.com\/fr\/wp-json\/wp\/v2\/media?parent=233"}],"curies":[{"name":"wp","href":"https:\/\/api.w.org\/{rel}","templated":true}]}}